{"id":8560,"date":"2018-11-30T09:54:59","date_gmt":"2018-11-30T09:54:59","guid":{"rendered":"http:\/\/localhost\/projects\/solar\/?page_id=8560"},"modified":"2024-07-01T21:03:20","modified_gmt":"2024-07-01T21:03:20","slug":"services","status":"publish","type":"page","link":"https:\/\/www.zienenergy.com\/tr\/services\/","title":{"rendered":"Hizmetlerimiz"},"content":{"rendered":"\t\t<div data-elementor-type=\"wp-page\" data-elementor-id=\"8560\" class=\"elementor elementor-8560\">\n\t\t\t\t\t\t<section class=\"elementor-section elementor-top-section elementor-element elementor-element-a535b8f cspt-col-stretched-none cspt-bg-color-over-image elementor-section-boxed elementor-section-height-default elementor-section-height-default\" data-id=\"a535b8f\" data-element_type=\"section\">\n\t\t\t\t\t\t<div class=\"elementor-container elementor-column-gap-default\">\n\t\t\t\t\t<div class=\"elementor-column elementor-col-100 elementor-top-column elementor-element elementor-element-7fe889e cspt-bg-color-over-image\" data-id=\"7fe889e\" data-element_type=\"column\">\n\t\t\t<div class=\"elementor-widget-wrap elementor-element-populated\">\n\t\t\t\t\t\t<div class=\"elementor-element elementor-element-322ab04 elementor-widget elementor-widget-cspt_service_element\" data-id=\"322ab04\" data-element_type=\"widget\" data-widget_type=\"cspt_service_element.default\">\n\t\t\t\t<div class=\"elementor-widget-container\">\n\t\t\t\n\t\t<div class=\"creativesplanet-element creativesplanet-element-service cspt-element-service-style-2 creativesplanet-element-viewtype-row-column creativesplanet-gap-15px\" data-show=\"10\" data-columns=\"3\" data-loop=\"false\" data-autoplay=\"false\" data-center=\"false\" data-nav=\"false\" data-dots=\"false\" data-autoplayspeed=\"1000\" data-margin=\"15px\"><div class=\"creativesplanet-element-inner\">\n\t\t\n\t\t\t<div class=\"cspt-ele-header-area\">\n\t\t\t\t\t<div class=\"cspt-heading-subheading -align \"><h2 class=\"cspt-element-title\">\n\t\t\t\n\t\t\t\tOUR SERVICES\n\t\t\t\n\t\t\t<\/h2>\n\t\t<\/div>\n\t\t\t\t\n\t\t\t<\/div>\n\n\t\t\t<div class=\"cspt-element-posts-wrapper row multi-columns-row\">\n\n\t\t\t<div class=\"cspt-ele cspt-service-ele col-md-4 energy\"><article class=\"creativesplanet-ele creativesplanet-ele-service cspt-service-style-2\">\n\t<div class=\"creativesplanet-post-item\">\n\t\t<div class=\"cspt-featured-wrapper\"><a href=\"https:\/\/www.zienenergy.com\/tr\/blog\/service\/enerji-depolama\/\"><img fetchpriority=\"high\" decoding=\"async\" width=\"770\" height=\"500\" src=\"https:\/\/www.zienenergy.com\/tr\/wp-content\/uploads\/2024\/07\/energy-storage-770x500.jpg\" class=\"attachment-cspt-img-770x500 size-cspt-img-770x500 wp-post-image\" alt=\"\" data-id=\"20006\" \/><\/a><\/div>\t\t<div class=\"creativesplanet-box-content\">\n            \t<div class=\"creativesplanet-box-content-inner d-flex align-items-center\">\t\n\t\t\t\t<div class=\"cspt-service-wrap\"> \n\t\t\t\t\t<div class=\"cspt-service-category\">\t\t<span class=\"cspt-service-cat\"><a href=\"https:\/\/www.zienenergy.com\/tr\/blog\/service-category\/energy\/\" rel=\"tag\">Energy<\/a><\/span>\n\t\t<\/div>\n\t                \t\t<h3 class=\"cspt-service-title\"><a href=\"https:\/\/www.zienenergy.com\/tr\/blog\/service\/enerji-depolama\/\">Enerji Depolama<\/a><\/h3>\n\t                \t<\/div> \n\t\t\t\t<div class=\"cspt-service-icon ml-auto\">\n\t\t\t\t\t<div class=\"cspt-service-icon-wrapper\">\n\t\t\t\t\t\t<i class=\"cspt-greenly-icon cspt-greenly-icon-leaf\"><\/i>\t\t\t\t\t<\/div>\n\t\t\t\t<\/div>\t\t\t\t      \n            \t<\/div>\n\t\t<\/div>\n\t<\/div>\n<\/article>\n<\/div><div class=\"cspt-ele cspt-service-ele col-md-4 energy\"><article class=\"creativesplanet-ele creativesplanet-ele-service cspt-service-style-2\">\n\t<div class=\"creativesplanet-post-item\">\n\t\t<div class=\"cspt-featured-wrapper\"><a href=\"https:\/\/www.zienenergy.com\/tr\/blog\/service\/danismanlik_hizmeti\/\"><img decoding=\"async\" width=\"770\" height=\"367\" src=\"https:\/\/www.zienenergy.com\/tr\/wp-content\/uploads\/2023\/07\/zien-consultancy-770x367.jpeg\" class=\"attachment-cspt-img-770x500 size-cspt-img-770x500 wp-post-image\" alt=\"\" data-id=\"19603\" \/><\/a><\/div>\t\t<div class=\"creativesplanet-box-content\">\n            \t<div class=\"creativesplanet-box-content-inner d-flex align-items-center\">\t\n\t\t\t\t<div class=\"cspt-service-wrap\"> \n\t\t\t\t\t<div class=\"cspt-service-category\">\t\t<span class=\"cspt-service-cat\"><a href=\"https:\/\/www.zienenergy.com\/tr\/blog\/service-category\/energy\/\" rel=\"tag\">Energy<\/a><\/span>\n\t\t<\/div>\n\t                \t\t<h3 class=\"cspt-service-title\"><a href=\"https:\/\/www.zienenergy.com\/tr\/blog\/service\/danismanlik_hizmeti\/\">Dan\u0131\u015fmanl\u0131k Hizmeti<\/a><\/h3>\n\t                \t<\/div> \n\t\t\t\t<div class=\"cspt-service-icon ml-auto\">\n\t\t\t\t\t<div class=\"cspt-service-icon-wrapper\">\n\t\t\t\t\t\t<i class=\"cspt-greenly-icon cspt-greenly-icon-sun\"><\/i>\t\t\t\t\t<\/div>\n\t\t\t\t<\/div>\t\t\t\t      \n            \t<\/div>\n\t\t<\/div>\n\t<\/div>\n<\/article>\n<\/div><div class=\"cspt-ele cspt-service-ele col-md-4 energy\"><article class=\"creativesplanet-ele creativesplanet-ele-service cspt-service-style-2\">\n\t<div class=\"creativesplanet-post-item\">\n\t\t<div class=\"cspt-featured-wrapper\"><a href=\"https:\/\/www.zienenergy.com\/tr\/blog\/service\/elektrikli-arac-sarj-istasyonlari-kurulumu\/\"><img decoding=\"async\" width=\"770\" height=\"500\" src=\"https:\/\/www.zienenergy.com\/tr\/wp-content\/uploads\/2023\/07\/zien-tesla-charge-770x500.jpeg\" class=\"attachment-cspt-img-770x500 size-cspt-img-770x500 wp-post-image\" alt=\"Elektrikli Ara\u00e7 \u015earj \u0130stasyonu Kurulumu ve Montaj\u0131\" data-id=\"19579\" \/><\/a><\/div>\t\t<div class=\"creativesplanet-box-content\">\n            \t<div class=\"creativesplanet-box-content-inner d-flex align-items-center\">\t\n\t\t\t\t<div class=\"cspt-service-wrap\"> \n\t\t\t\t\t<div class=\"cspt-service-category\">\t\t<span class=\"cspt-service-cat\"><a href=\"https:\/\/www.zienenergy.com\/tr\/blog\/service-category\/energy\/\" rel=\"tag\">Energy<\/a><\/span>\n\t\t<\/div>\n\t                \t\t<h3 class=\"cspt-service-title\"><a href=\"https:\/\/www.zienenergy.com\/tr\/blog\/service\/elektrikli-arac-sarj-istasyonlari-kurulumu\/\">Elektrikli Ara\u00e7 \u015earj \u0130stasyonlar\u0131 Kurulumu<\/a><\/h3>\n\t                \t<\/div> \n\t\t\t\t<div class=\"cspt-service-icon ml-auto\">\n\t\t\t\t\t<div class=\"cspt-service-icon-wrapper\">\n\t\t\t\t\t\t<i class=\"cspt-greenly-icon cspt-greenly-icon-sun\"><\/i>\t\t\t\t\t<\/div>\n\t\t\t\t<\/div>\t\t\t\t      \n            \t<\/div>\n\t\t<\/div>\n\t<\/div>\n<\/article>\n<\/div><div class=\"cspt-ele cspt-service-ele col-md-4 energy\"><article class=\"creativesplanet-ele creativesplanet-ele-service cspt-service-style-2\">\n\t<div class=\"creativesplanet-post-item\">\n\t\t<div class=\"cspt-featured-wrapper\"><a href=\"https:\/\/www.zienenergy.com\/tr\/blog\/service\/endustriyel-cati-gunes-enerji-santrali\/\"><img loading=\"lazy\" decoding=\"async\" width=\"770\" height=\"500\" src=\"https:\/\/www.zienenergy.com\/tr\/wp-content\/uploads\/2018\/12\/industrial-roof-770x500.jpg\" class=\"attachment-cspt-img-770x500 size-cspt-img-770x500 wp-post-image\" alt=\"\" data-id=\"18853\" \/><\/a><\/div>\t\t<div class=\"creativesplanet-box-content\">\n            \t<div class=\"creativesplanet-box-content-inner d-flex align-items-center\">\t\n\t\t\t\t<div class=\"cspt-service-wrap\"> \n\t\t\t\t\t<div class=\"cspt-service-category\">\t\t<span class=\"cspt-service-cat\"><a href=\"https:\/\/www.zienenergy.com\/tr\/blog\/service-category\/energy\/\" rel=\"tag\">Energy<\/a><\/span>\n\t\t<\/div>\n\t                \t\t<h3 class=\"cspt-service-title\"><a href=\"https:\/\/www.zienenergy.com\/tr\/blog\/service\/endustriyel-cati-gunes-enerji-santrali\/\">End\u00fcstriyel \u00c7at\u0131 G\u00fcne\u015f Enerji Santrali<\/a><\/h3>\n\t                \t<\/div> \n\t\t\t\t<div class=\"cspt-service-icon ml-auto\">\n\t\t\t\t\t<div class=\"cspt-service-icon-wrapper\">\n\t\t\t\t\t\t<i class=\"cspt-greenly-icon cspt-greenly-icon-sun\"><\/i>\t\t\t\t\t<\/div>\n\t\t\t\t<\/div>\t\t\t\t      \n            \t<\/div>\n\t\t<\/div>\n\t<\/div>\n<\/article>\n<\/div><div class=\"cspt-ele cspt-service-ele col-md-4 energy\"><article class=\"creativesplanet-ele creativesplanet-ele-service cspt-service-style-2\">\n\t<div class=\"creativesplanet-post-item\">\n\t\t<div class=\"cspt-featured-wrapper\"><a href=\"https:\/\/www.zienenergy.com\/tr\/blog\/service\/arazi-gunes-enerji-santrali\/\"><img loading=\"lazy\" decoding=\"async\" width=\"756\" height=\"376\" src=\"https:\/\/www.zienenergy.com\/tr\/wp-content\/uploads\/2018\/12\/land-plant.png\" class=\"attachment-cspt-img-770x500 size-cspt-img-770x500 wp-post-image\" alt=\"\" srcset=\"https:\/\/www.zienenergy.com\/tr\/wp-content\/uploads\/2018\/12\/land-plant.png 756w, https:\/\/www.zienenergy.com\/tr\/wp-content\/uploads\/2018\/12\/land-plant-600x298.png 600w, https:\/\/www.zienenergy.com\/tr\/wp-content\/uploads\/2018\/12\/land-plant-300x149.png 300w\" sizes=\"(max-width: 756px) 100vw, 756px\" data-id=\"18859\" \/><\/a><\/div>\t\t<div class=\"creativesplanet-box-content\">\n            \t<div class=\"creativesplanet-box-content-inner d-flex align-items-center\">\t\n\t\t\t\t<div class=\"cspt-service-wrap\"> \n\t\t\t\t\t<div class=\"cspt-service-category\">\t\t<span class=\"cspt-service-cat\"><a href=\"https:\/\/www.zienenergy.com\/tr\/blog\/service-category\/energy\/\" rel=\"tag\">Energy<\/a><\/span>\n\t\t<\/div>\n\t                \t\t<h3 class=\"cspt-service-title\"><a href=\"https:\/\/www.zienenergy.com\/tr\/blog\/service\/arazi-gunes-enerji-santrali\/\">Arazi G\u00fcne\u015f Enerji Santrali<\/a><\/h3>\n\t                \t<\/div> \n\t\t\t\t<div class=\"cspt-service-icon ml-auto\">\n\t\t\t\t\t<div class=\"cspt-service-icon-wrapper\">\n\t\t\t\t\t\t<i class=\"cspt-greenly-icon cspt-greenly-icon-solar-panel\"><\/i>\t\t\t\t\t<\/div>\n\t\t\t\t<\/div>\t\t\t\t      \n            \t<\/div>\n\t\t<\/div>\n\t<\/div>\n<\/article>\n<\/div><div class=\"cspt-ele cspt-service-ele col-md-4 energy\"><article class=\"creativesplanet-ele creativesplanet-ele-service cspt-service-style-2\">\n\t<div class=\"creativesplanet-post-item\">\n\t\t<div class=\"cspt-featured-wrapper\"><a href=\"https:\/\/www.zienenergy.com\/tr\/blog\/service\/ev-tipi-gunes-enerji-santrali\/\"><img loading=\"lazy\" decoding=\"async\" width=\"770\" height=\"500\" src=\"https:\/\/www.zienenergy.com\/tr\/wp-content\/uploads\/2018\/10\/home-solar-power-770x500.webp\" class=\"attachment-cspt-img-770x500 size-cspt-img-770x500 wp-post-image\" alt=\"\" data-id=\"18869\" \/><\/a><\/div>\t\t<div class=\"creativesplanet-box-content\">\n            \t<div class=\"creativesplanet-box-content-inner d-flex align-items-center\">\t\n\t\t\t\t<div class=\"cspt-service-wrap\"> \n\t\t\t\t\t<div class=\"cspt-service-category\">\t\t<span class=\"cspt-service-cat\"><a href=\"https:\/\/www.zienenergy.com\/tr\/blog\/service-category\/energy\/\" rel=\"tag\">Energy<\/a><\/span>\n\t\t<\/div>\n\t                \t\t<h3 class=\"cspt-service-title\"><a href=\"https:\/\/www.zienenergy.com\/tr\/blog\/service\/ev-tipi-gunes-enerji-santrali\/\">Ev Tipi G\u00fcne\u015f Enerji Santrali<\/a><\/h3>\n\t                \t<\/div> \n\t\t\t\t<div class=\"cspt-service-icon ml-auto\">\n\t\t\t\t\t<div class=\"cspt-service-icon-wrapper\">\n\t\t\t\t\t\t<i class=\"cspt-greenly-icon cspt-greenly-icon-greenhouse\"><\/i>\t\t\t\t\t<\/div>\n\t\t\t\t<\/div>\t\t\t\t      \n            \t<\/div>\n\t\t<\/div>\n\t<\/div>\n<\/article>\n<\/div><div class=\"cspt-ele cspt-service-ele col-md-4 energy\"><article class=\"creativesplanet-ele creativesplanet-ele-service cspt-service-style-2\">\n\t<div class=\"creativesplanet-post-item\">\n\t\t<div class=\"cspt-featured-wrapper\"><a href=\"https:\/\/www.zienenergy.com\/tr\/blog\/service\/gunes-enerjisi-ile-calisan-sarj-istasyonlari\/\"><img loading=\"lazy\" decoding=\"async\" width=\"756\" height=\"305\" src=\"https:\/\/www.zienenergy.com\/tr\/wp-content\/uploads\/2018\/10\/charging-station.png\" class=\"attachment-cspt-img-770x500 size-cspt-img-770x500 wp-post-image\" alt=\"\" srcset=\"https:\/\/www.zienenergy.com\/tr\/wp-content\/uploads\/2018\/10\/charging-station.png 756w, https:\/\/www.zienenergy.com\/tr\/wp-content\/uploads\/2018\/10\/charging-station-600x242.png 600w, https:\/\/www.zienenergy.com\/tr\/wp-content\/uploads\/2018\/10\/charging-station-300x121.png 300w\" sizes=\"(max-width: 756px) 100vw, 756px\" data-id=\"18872\" \/><\/a><\/div>\t\t<div class=\"creativesplanet-box-content\">\n            \t<div class=\"creativesplanet-box-content-inner d-flex align-items-center\">\t\n\t\t\t\t<div class=\"cspt-service-wrap\"> \n\t\t\t\t\t<div class=\"cspt-service-category\">\t\t<span class=\"cspt-service-cat\"><a href=\"https:\/\/www.zienenergy.com\/tr\/blog\/service-category\/energy\/\" rel=\"tag\">Energy<\/a><\/span>\n\t\t<\/div>\n\t                \t\t<h3 class=\"cspt-service-title\"><a href=\"https:\/\/www.zienenergy.com\/tr\/blog\/service\/gunes-enerjisi-ile-calisan-sarj-istasyonlari\/\">G\u00fcne\u015f Enerjisi ile \u00c7al\u0131\u015fan \u015earj \u0130stasyonlar\u0131<\/a><\/h3>\n\t                \t<\/div> \n\t\t\t\t<div class=\"cspt-service-icon ml-auto\">\n\t\t\t\t\t<div class=\"cspt-service-icon-wrapper\">\n\t\t\t\t\t\t<i class=\"cspt-greenly-icon cspt-greenly-icon-solar-energy\"><\/i>\t\t\t\t\t<\/div>\n\t\t\t\t<\/div>\t\t\t\t      \n            \t<\/div>\n\t\t<\/div>\n\t<\/div>\n<\/article>\n<\/div><div class=\"cspt-ele cspt-service-ele col-md-4 energy\"><article class=\"creativesplanet-ele creativesplanet-ele-service cspt-service-style-2\">\n\t<div class=\"creativesplanet-post-item\">\n\t\t<div class=\"cspt-featured-wrapper\"><a href=\"https:\/\/www.zienenergy.com\/tr\/blog\/service\/tarimsal-sulama\/\"><img loading=\"lazy\" decoding=\"async\" width=\"770\" height=\"500\" src=\"https:\/\/www.zienenergy.com\/tr\/wp-content\/uploads\/2018\/10\/solar-power-qgri-770x500.jpg\" class=\"attachment-cspt-img-770x500 size-cspt-img-770x500 wp-post-image\" alt=\"\" data-id=\"18882\" \/><\/a><\/div>\t\t<div class=\"creativesplanet-box-content\">\n            \t<div class=\"creativesplanet-box-content-inner d-flex align-items-center\">\t\n\t\t\t\t<div class=\"cspt-service-wrap\"> \n\t\t\t\t\t<div class=\"cspt-service-category\">\t\t<span class=\"cspt-service-cat\"><a href=\"https:\/\/www.zienenergy.com\/tr\/blog\/service-category\/energy\/\" rel=\"tag\">Energy<\/a><\/span>\n\t\t<\/div>\n\t                \t\t<h3 class=\"cspt-service-title\"><a href=\"https:\/\/www.zienenergy.com\/tr\/blog\/service\/tarimsal-sulama\/\">Tar\u0131msal Sulama<\/a><\/h3>\n\t                \t<\/div> \n\t\t\t\t<div class=\"cspt-service-icon ml-auto\">\n\t\t\t\t\t<div class=\"cspt-service-icon-wrapper\">\n\t\t\t\t\t\t<i class=\"cspt-greenly-icon cspt-greenly-icon-leaf\"><\/i>\t\t\t\t\t<\/div>\n\t\t\t\t<\/div>\t\t\t\t      \n            \t<\/div>\n\t\t<\/div>\n\t<\/div>\n<\/article>\n<\/div>\n\t\t\t<\/div>\n\n\t\t\t\n\t\t\n\t\t<\/div><!-- .creativesplanet-element-inner -->   <\/div><!-- .creativesplanet-element -->  \n\t    \t\t<\/div>\n\t\t\t\t<\/div>\n\t\t\t\t\t<\/div>\n\t\t<\/div>\n\t\t\t\t\t<\/div>\n\t\t<\/section>\n\t\t\t\t<\/div>\n\t\t","protected":false},"excerpt":{"rendered":"<p>OUR SERVICES Energy Industrial Rooftop Solar Power Plant Energy Land Solar Power Plant Energy Home Solar Power Plant Energy Solar Powered Charging Stations Energy Agricultural Irrigation Energy Energy Storage Energy Operation and Maintenance<\/p>\n","protected":false},"author":1,"featured_media":0,"parent":0,"menu_order":34,"comment_status":"closed","ping_status":"closed","template":"","meta":{"footnotes":""},"class_list":["post-8560","page","type-page","status-publish","hentry"],"yoast_head":"<!-- This site is optimized with the Yoast SEO plugin v23.9 - https:\/\/yoast.com\/wordpress\/plugins\/seo\/ -->\n<title>Hizmetlerimiz | Tesla Wall Connector Sat\u0131\u015f, montaj ve Kurulum Hizmetleri | ZIEN Energy<\/title>\n<meta name=\"description\" content=\"Tesla Wall Connector Sat\u0131\u015f, montaj ve kurulum hizmetleri, elektrikli ara\u00e7 \u015farj istasyonu \u00e7\u00f6z\u00fcmleri ve g\u00fcne\u015f enerjisi sistemleri ZIEN Energy\u2019de.\" \/>\n<meta name=\"robots\" content=\"index, follow, max-snippet:-1, max-image-preview:large, max-video-preview:-1\" \/>\n<link rel=\"canonical\" href=\"https:\/\/www.zienenergy.com\/tr\/services\/\" \/>\n<meta property=\"og:locale\" content=\"tr_TR\" \/>\n<meta property=\"og:type\" content=\"article\" \/>\n<meta property=\"og:title\" content=\"Hizmetlerimiz | Tesla Wall Connector Sat\u0131\u015f, montaj ve Kurulum Hizmetleri | ZIEN Energy\" \/>\n<meta property=\"og:description\" content=\"Tesla Wall Connector Sat\u0131\u015f, montaj ve kurulum hizmetleri, elektrikli ara\u00e7 \u015farj istasyonu \u00e7\u00f6z\u00fcmleri ve g\u00fcne\u015f enerjisi sistemleri ZIEN Energy\u2019de.\" \/>\n<meta property=\"og:url\" content=\"https:\/\/www.zienenergy.com\/tr\/services\/\" \/>\n<meta property=\"og:site_name\" content=\"Zien Energy tr\" \/>\n<meta property=\"article:publisher\" content=\"https:\/\/www.facebook.com\/profile.php?id=61581373037569\" \/>\n<meta property=\"article:modified_time\" content=\"2024-07-01T21:03:20+00:00\" \/>\n<meta property=\"og:image\" content=\"https:\/\/www.zienenergy.com\/tr\/wp-content\/uploads\/2018\/12\/industrial-roof-770x500.jpg\" \/>\n<meta name=\"twitter:card\" content=\"summary_large_image\" \/>\n<meta name=\"twitter:site\" content=\"@Zien_Energy\" \/>\n<script type=\"application\/ld+json\" class=\"yoast-schema-graph\">{\"@context\":\"https:\/\/schema.org\",\"@graph\":[{\"@type\":\"WebPage\",\"@id\":\"https:\/\/www.zienenergy.com\/tr\/services\/\",\"url\":\"https:\/\/www.zienenergy.com\/tr\/services\/\",\"name\":\"Hizmetlerimiz | Tesla Wall Connector Sat\u0131\u015f, montaj ve Kurulum Hizmetleri | ZIEN Energy\",\"isPartOf\":{\"@id\":\"https:\/\/www.zienenergy.com\/tr\/#website\"},\"primaryImageOfPage\":{\"@id\":\"https:\/\/www.zienenergy.com\/tr\/services\/#primaryimage\"},\"image\":{\"@id\":\"https:\/\/www.zienenergy.com\/tr\/services\/#primaryimage\"},\"thumbnailUrl\":\"https:\/\/www.zienenergy.com\/tr\/wp-content\/uploads\/2018\/12\/industrial-roof-770x500.jpg\",\"datePublished\":\"2018-11-30T09:54:59+00:00\",\"dateModified\":\"2024-07-01T21:03:20+00:00\",\"description\":\"Tesla Wall Connector Sat\u0131\u015f, montaj ve kurulum hizmetleri, elektrikli ara\u00e7 \u015farj istasyonu \u00e7\u00f6z\u00fcmleri ve g\u00fcne\u015f enerjisi sistemleri ZIEN Energy\u2019de.\",\"breadcrumb\":{\"@id\":\"https:\/\/www.zienenergy.com\/tr\/services\/#breadcrumb\"},\"inLanguage\":\"tr\",\"potentialAction\":[{\"@type\":\"ReadAction\",\"target\":[\"https:\/\/www.zienenergy.com\/tr\/services\/\"]}]},{\"@type\":\"ImageObject\",\"inLanguage\":\"tr\",\"@id\":\"https:\/\/www.zienenergy.com\/tr\/services\/#primaryimage\",\"url\":\"https:\/\/www.zienenergy.com\/tr\/wp-content\/uploads\/2018\/12\/industrial-roof.jpg\",\"contentUrl\":\"https:\/\/www.zienenergy.com\/tr\/wp-content\/uploads\/2018\/12\/industrial-roof.jpg\",\"width\":900,\"height\":675},{\"@type\":\"BreadcrumbList\",\"@id\":\"https:\/\/www.zienenergy.com\/tr\/services\/#breadcrumb\",\"itemListElement\":[{\"@type\":\"ListItem\",\"position\":1,\"name\":\"Home\",\"item\":\"https:\/\/www.zienenergy.com\/tr\/\"},{\"@type\":\"ListItem\",\"position\":2,\"name\":\"Hizmetlerimiz\"}]},{\"@type\":\"WebSite\",\"@id\":\"https:\/\/www.zienenergy.com\/tr\/#website\",\"url\":\"https:\/\/www.zienenergy.com\/tr\/\",\"name\":\"Zien Energy\",\"description\":\"Zien Energy - Elektrikli Ara\u00e7 \u015earj \u0130stasyonlar\u0131 ve Enerji \u00c7\u00f6z\u00fcmleri\",\"alternateName\":\"Zien Energy T\u00fcrkiye\",\"potentialAction\":[{\"@type\":\"SearchAction\",\"target\":{\"@type\":\"EntryPoint\",\"urlTemplate\":\"https:\/\/www.zienenergy.com\/tr\/?s={search_term_string}\"},\"query-input\":{\"@type\":\"PropertyValueSpecification\",\"valueRequired\":true,\"valueName\":\"search_term_string\"}}],\"inLanguage\":\"tr\"}]}<\/script>\n<!-- \/ Yoast SEO plugin. -->","yoast_head_json":{"title":"Hizmetlerimiz | Tesla Wall Connector Sat\u0131\u015f, montaj ve Kurulum Hizmetleri | ZIEN Energy","description":"Tesla Wall Connector Sat\u0131\u015f, montaj ve kurulum hizmetleri, elektrikli ara\u00e7 \u015farj istasyonu \u00e7\u00f6z\u00fcmleri ve g\u00fcne\u015f enerjisi sistemleri ZIEN Energy\u2019de.","robots":{"index":"index","follow":"follow","max-snippet":"max-snippet:-1","max-image-preview":"max-image-preview:large","max-video-preview":"max-video-preview:-1"},"canonical":"https:\/\/www.zienenergy.com\/tr\/services\/","og_locale":"tr_TR","og_type":"article","og_title":"Hizmetlerimiz | Tesla Wall Connector Sat\u0131\u015f, montaj ve Kurulum Hizmetleri | ZIEN Energy","og_description":"Tesla Wall Connector Sat\u0131\u015f, montaj ve kurulum hizmetleri, elektrikli ara\u00e7 \u015farj istasyonu \u00e7\u00f6z\u00fcmleri ve g\u00fcne\u015f enerjisi sistemleri ZIEN Energy\u2019de.","og_url":"https:\/\/www.zienenergy.com\/tr\/services\/","og_site_name":"Zien Energy tr","article_publisher":"https:\/\/www.facebook.com\/profile.php?id=61581373037569","article_modified_time":"2024-07-01T21:03:20+00:00","og_image":[{"url":"https:\/\/www.zienenergy.com\/tr\/wp-content\/uploads\/2018\/12\/industrial-roof-770x500.jpg"}],"twitter_card":"summary_large_image","twitter_site":"@Zien_Energy","schema":{"@context":"https:\/\/schema.org","@graph":[{"@type":"WebPage","@id":"https:\/\/www.zienenergy.com\/tr\/services\/","url":"https:\/\/www.zienenergy.com\/tr\/services\/","name":"Hizmetlerimiz | Tesla Wall Connector Sat\u0131\u015f, montaj ve Kurulum Hizmetleri | ZIEN Energy","isPartOf":{"@id":"https:\/\/www.zienenergy.com\/tr\/#website"},"primaryImageOfPage":{"@id":"https:\/\/www.zienenergy.com\/tr\/services\/#primaryimage"},"image":{"@id":"https:\/\/www.zienenergy.com\/tr\/services\/#primaryimage"},"thumbnailUrl":"https:\/\/www.zienenergy.com\/tr\/wp-content\/uploads\/2018\/12\/industrial-roof-770x500.jpg","datePublished":"2018-11-30T09:54:59+00:00","dateModified":"2024-07-01T21:03:20+00:00","description":"Tesla Wall Connector Sat\u0131\u015f, montaj ve kurulum hizmetleri, elektrikli ara\u00e7 \u015farj istasyonu \u00e7\u00f6z\u00fcmleri ve g\u00fcne\u015f enerjisi sistemleri ZIEN Energy\u2019de.","breadcrumb":{"@id":"https:\/\/www.zienenergy.com\/tr\/services\/#breadcrumb"},"inLanguage":"tr","potentialAction":[{"@type":"ReadAction","target":["https:\/\/www.zienenergy.com\/tr\/services\/"]}]},{"@type":"ImageObject","inLanguage":"tr","@id":"https:\/\/www.zienenergy.com\/tr\/services\/#primaryimage","url":"https:\/\/www.zienenergy.com\/tr\/wp-content\/uploads\/2018\/12\/industrial-roof.jpg","contentUrl":"https:\/\/www.zienenergy.com\/tr\/wp-content\/uploads\/2018\/12\/industrial-roof.jpg","width":900,"height":675},{"@type":"BreadcrumbList","@id":"https:\/\/www.zienenergy.com\/tr\/services\/#breadcrumb","itemListElement":[{"@type":"ListItem","position":1,"name":"Home","item":"https:\/\/www.zienenergy.com\/tr\/"},{"@type":"ListItem","position":2,"name":"Hizmetlerimiz"}]},{"@type":"WebSite","@id":"https:\/\/www.zienenergy.com\/tr\/#website","url":"https:\/\/www.zienenergy.com\/tr\/","name":"Zien Energy","description":"Zien Energy - Elektrikli Ara\u00e7 \u015earj \u0130stasyonlar\u0131 ve Enerji \u00c7\u00f6z\u00fcmleri","alternateName":"Zien Energy T\u00fcrkiye","potentialAction":[{"@type":"SearchAction","target":{"@type":"EntryPoint","urlTemplate":"https:\/\/www.zienenergy.com\/tr\/?s={search_term_string}"},"query-input":{"@type":"PropertyValueSpecification","valueRequired":true,"valueName":"search_term_string"}}],"inLanguage":"tr"}]}},"_links":{"self":[{"href":"https:\/\/www.zienenergy.com\/tr\/wp-json\/wp\/v2\/pages\/8560","targetHints":{"allow":["GET"]}}],"collection":[{"href":"https:\/\/www.zienenergy.com\/tr\/wp-json\/wp\/v2\/pages"}],"about":[{"href":"https:\/\/www.zienenergy.com\/tr\/wp-json\/wp\/v2\/types\/page"}],"author":[{"embeddable":true,"href":"https:\/\/www.zienenergy.com\/tr\/wp-json\/wp\/v2\/users\/1"}],"replies":[{"embeddable":true,"href":"https:\/\/www.zienenergy.com\/tr\/wp-json\/wp\/v2\/comments?post=8560"}],"version-history":[{"count":7,"href":"https:\/\/www.zienenergy.com\/tr\/wp-json\/wp\/v2\/pages\/8560\/revisions"}],"predecessor-version":[{"id":19993,"href":"https:\/\/www.zienenergy.com\/tr\/wp-json\/wp\/v2\/pages\/8560\/revisions\/19993"}],"wp:attachment":[{"href":"https:\/\/www.zienenergy.com\/tr\/wp-json\/wp\/v2\/media?parent=8560"}],"curies":[{"name":"wp","href":"https:\/\/api.w.org\/{rel}","templated":true}]}}