{"id":20033,"date":"2024-07-04T12:20:06","date_gmt":"2024-07-04T12:20:06","guid":{"rendered":"https:\/\/www.zienenergy.com\/tr\/?page_id=20033"},"modified":"2026-04-09T19:01:22","modified_gmt":"2026-04-09T19:01:22","slug":"kvkk","status":"publish","type":"page","link":"https:\/\/www.zienenergy.com\/tr\/kvkk\/","title":{"rendered":"KVKK"},"content":{"rendered":"\n<p><strong>K\u0130\u015e\u0130SEL VER\u0130LER\u0130N KORUNMASI HAKKINDA A\u00c7IKLAMALAR<\/strong><strong><\/strong><\/p>\n\n\n\n<p>Z\u0130EN YEN\u0130LENEB\u0130L\u0130R ENERJ\u0130 S\u0130STEMLER\u0130 L\u0130M\u0130TED \u015e\u0130RKET\u0130\u2019ye&nbsp;(\u201cZ\u0130EN Enerji\u201d)&nbsp;aktar\u0131lan ki\u015fisel verilerin korunmas\u0131 konusundaki temel bilgilere a\u015fa\u011f\u0131da yer verilmi\u015ftir.&nbsp;Z\u0130EN Enerji, 6698 say\u0131l\u0131 Ki\u015fisel Verilerin Korunmas\u0131 Kanunu (\u201cKVKK\u201d) m. 10\u2019dan do\u011fan ayd\u0131nlatma y\u00fck\u00fcml\u00fcl\u00fc\u011f\u00fcn\u00fc yerine getirmek amac\u0131yla a\u015fa\u011f\u0131daki a\u00e7\u0131klamalar\u0131 ALICI\u2019nin dikkatine sunar. Z\u0130EN Enerji i\u015fbu Ki\u015fisel Verilerin Korunmas\u0131 Hakk\u0131nda A\u00e7\u0131klama metnini y\u00fcr\u00fcrl\u00fckteki mevzuatta yap\u0131labilecek de\u011fi\u015fiklikler \u00e7er\u00e7evesinde her zaman g\u00fcncelleme hakk\u0131n\u0131 sakl\u0131 tutar.<\/p>\n\n\n\n<p><strong>1) Z\u0130EN Enerji\u2019nin ki\u015fisel verileri toplamas\u0131n\u0131n yasal dayana\u011f\u0131 nedir?<\/strong><strong><\/strong><\/p>\n\n\n\n<p>ALICI\u2019n\u0131n ki\u015fisel verilerinin kullan\u0131lmas\u0131 konusunda \u00e7e\u015fitli kanunlarda d\u00fczenlemeler bulunmaktad\u0131r. En ba\u015fta KVKK ile ki\u015fisel verilerin korunmas\u0131 esaslar\u0131 belirlenmi\u015ftir. Ayr\u0131ca 6563 Say\u0131l\u0131 Elektronik Ticaretin D\u00fczenlenmesi Hakk\u0131nda Kanun da ki\u015fisel verilerin korunmas\u0131na ili\u015fkin h\u00fck\u00fcm i\u00e7ermektedir. 5237 Say\u0131l\u0131 T\u00fcrk Ceza Kanunu h\u00fck\u00fcmleri yoluyla da ki\u015fisel verilerin korunmas\u0131 i\u00e7in baz\u0131 hallerde cezai yapt\u0131r\u0131mlar \u00f6ng\u00f6r\u00fclm\u00fc\u015ft\u00fcr.<\/p>\n\n\n\n<p>Di\u011fer yandan, 6502 say\u0131l\u0131 T\u00fcketicinin Korunmas\u0131 Hakk\u0131nda Kanun ve Mesafeli S\u00f6zle\u015fmeler Y\u00f6netmeli\u011fi\u2019nden do\u011fan y\u00fck\u00fcml\u00fcl\u00fcklerimizin ifas\u0131 amac\u0131yla verilerin toplanmas\u0131 ve kullan\u0131lmas\u0131 gerekmektedir.<\/p>\n\n\n\n<p><strong>2) Z\u0130EN Enerji\u2019nin verilerin toplanmas\u0131nda hangi y\u00f6ntemleri kullan\u0131yor?<\/strong><strong><\/strong><\/p>\n\n\n\n<p>Mesafeli Sat\u0131\u015f S\u00f6zle\u015fmesi kapsam\u0131nda, ALICI\u2019n\u0131n verdi\u011fi veriler, ALICI\u2019n\u0131n r\u0131za ve mevzuat h\u00fck\u00fcmleri uyar\u0131nca&nbsp;Z\u0130EN Enerji taraf\u0131ndan i\u015flenmektedir.<\/p>\n\n\n\n<p>ALICI\u2019ya ait bilgiler&nbsp;Z\u0130EN Enerji taray\u0131c\u0131s\u0131na ya da sabit diskine depolanarakmaktad\u0131r, \u00e7o\u011funlukla harf ve say\u0131lardan olu\u015fan bir dosya \u015feklinde saklanmaktad\u0131r..<\/p>\n\n\n\n<p>Z\u0130EN Enerji ALICI\u2019ya daha iyi hizmet verebilmek amac\u0131yla ve yasal y\u00fck\u00fcml\u00fcl\u00fc\u011f\u00fc \u00e7er\u00e7evesinde, i\u015fbu Ki\u015fisel Verilerin Korunmas\u0131 Hakk\u0131nda A\u00e7\u0131klama metninde belirlenen ama\u00e7lar ve kapsam d\u0131\u015f\u0131nda kullan\u0131lmamak kayd\u0131 ile bilgilerinizi toplayacak, i\u015fleyecek, \u00fc\u00e7\u00fcnc\u00fc ki\u015filerle payla\u015facak ve g\u00fcvenli olarak saklayacakt\u0131r.<\/p>\n\n\n\n<p><strong>3) Z\u0130EN Enerji ki\u015fisel verileri hangi ama\u00e7larla kullan\u0131yor?<\/strong><strong><\/strong><\/p>\n\n\n\n<p>Z\u0130EN Enerji, mevzuat\u0131n izin verdi\u011fi durumlarda ve \u00f6l\u00e7\u00fcde ki\u015fisel bilgilerinizi kaydedebilecek, saklayabilecek, g\u00fcncelleyebilecek, \u00fc\u00e7\u00fcnc\u00fc ki\u015filere a\u00e7\u0131klayabilecek, devredebilecek, s\u0131n\u0131fland\u0131rabilecek ve i\u015fleyebilecektir.<\/p>\n\n\n\n<p>Ki\u015fisel verileriniz \u015fu ama\u00e7larla kullan\u0131lmaktad\u0131r:<\/p>\n\n\n\n<ul class=\"wp-block-list\">\n<li>ileti\u015fim i\u00e7in adres ve di\u011fer gerekli bilgileri kaydetmek,<\/li>\n\n\n\n<li>T\u00fcketicinin Korunmas\u0131 Hakk\u0131nda Kanun\u2019un ilgili maddeleri taht\u0131nda akdetti\u011fimiz Mesafeli Sat\u0131\u015f S\u00f6zle\u015fmesi uyar\u0131nca \u00fcstlenilen y\u00fck\u00fcml\u00fcl\u00fckleri ifa etmek,<\/li>\n\n\n\n<li>Kamu g\u00fcvenli\u011fine ili\u015fkin hususlarda talep halinde ve mevzuat gere\u011fi kamu g\u00f6revlilerine bilgi verebilmek,<\/li>\n\n\n\n<li>ALICI\u2019m\u0131za daha iyi bir hizmet deneyimini sa\u011flamak, \u201cALICI\u2019m\u0131z\u0131n ilgi alanlar\u0131n\u0131 dikkate alarak\u201d ALICI\u2019m\u0131z\u0131n ilgilenebilece\u011fi \u00fcr\u00fcnlerimiz hakk\u0131nda m\u00fc\u015fterilerimize bilgi verebilmek, kampanyalar\u0131 aktarmak,<\/li>\n\n\n\n<li>ALICI memnuniyetini art\u0131rmak, ALICI\u2019lar\u0131m\u0131z\u0131 tan\u0131yabilmek ve m\u00fc\u015fteri \u00e7evresi analizinde kullanabilmek, \u00e7e\u015fitli pazarlama ve reklam faaliyetlerinde kullanabilmek<\/li>\n\n\n\n<li>Anla\u015fmal\u0131 kurumlar\u0131m\u0131z ve \u00e7\u00f6z\u00fcm ortaklar\u0131m\u0131z taraf\u0131ndan m\u00fc\u015fterilerimize \u00f6neri sunabilmek, hizmetlerimizle ilgili m\u00fc\u015fterilerimizi bilgilendirebilmek,<\/li>\n\n\n\n<li>Hizmetlerimiz ile ilgili m\u00fc\u015fteri \u015fikayet ve \u00f6nerilerini de\u011ferlendirebilmek,<\/li>\n\n\n\n<li>Yasal y\u00fck\u00fcml\u00fcl\u00fcklerimizi yerine getirebilmek ve y\u00fcr\u00fcrl\u00fckteki mevzuattan do\u011fan haklar\u0131m\u0131z\u0131 kullanabilmek.<\/li>\n<\/ul>\n\n\n\n<p><strong>4) Z\u0130EN Enerji ki\u015fisel verilerinizi payla\u015f\u0131yor mu?<\/strong><strong><\/strong><\/p>\n\n\n\n<p>Yasal y\u00fck\u00fcml\u00fcl\u00fcklerimiz nedeniyle ve bunlarla s\u0131n\u0131rl\u0131 olmak \u00fczere mahkemeler ve di\u011fer kamu kurumlar\u0131 ile ki\u015fisel veriler payla\u015f\u0131lmaktad\u0131r. Ayr\u0131ca, taahh\u00fct etti\u011fimiz hizmetleri sa\u011flayabilmek ve verilen hizmetlerin kalite kontrol\u00fcn\u00fc yapabilmek i\u00e7in anla\u015fmal\u0131 \u00fc\u00e7\u00fcnc\u00fc ki\u015filere ki\u015fisel veri aktar\u0131m\u0131 yap\u0131lmaktad\u0131r.<\/p>\n\n\n\n<p>\u00dc\u00e7\u00fcnc\u00fc ki\u015filere veri aktar\u0131m\u0131 s\u0131ras\u0131nda hak ihlallerini \u00f6nlemek i\u00e7in gerekli teknik ve hukuki \u00f6nlemler al\u0131nmaktad\u0131r. Bununla birlikte, ki\u015fisel verileri alan \u00fc\u00e7\u00fcnc\u00fc ki\u015finin veri koruma politikalar\u0131ndan dolay\u0131 ve \u00fc\u00e7\u00fcnc\u00fc ki\u015finin sorumlulu\u011fundaki risk alan\u0131nda meydana gelen ihlallerden&nbsp;Z\u0130EN Enerji sorumlu de\u011fildir.<\/p>\n\n\n\n<p>Ki\u015fisel verileriniz sizlere daha iyi hizmet sunabilmek ve m\u00fc\u015fteri memnuniyetini sa\u011flayabilmek i\u00e7in \u00e7e\u015fitli pazarlama faaliyetleri kapsam\u0131nda yurti\u00e7i ve yurtd\u0131\u015f\u0131ndaki \u00e7e\u015fitli ajans, reklam \u015firketleri ve anket \u015firketleriyle ve yurti\u00e7i\/yurtd\u0131\u015f\u0131 di\u011fer \u00fc\u00e7\u00fcnc\u00fc ki\u015filerle ve ilgili i\u015f ortaklar\u0131m\u0131zla payla\u015f\u0131labilmektedir.<br><br>Ayr\u0131ca, \u00f6deme s\u00fcre\u00e7lerinin g\u00fcvenli bir \u015fekilde y\u00fcr\u00fct\u00fclmesi amac\u0131yla ki\u015fisel verileriniz anla\u015fmal\u0131 \u00f6deme kurulu\u015fu olan <strong>iyzico (iyzi \u00d6deme ve Elektronik Para Hizmetleri A.\u015e.)<\/strong> ve ilgili bankalar ile payla\u015f\u0131lmaktad\u0131r.<\/p>\n\n\n\n<p><strong>5) Ki\u015fisel verilerle ilgili mevzuat de\u011fi\u015fikliklerinden nas\u0131l haberdar olabilirim?<\/strong><strong><\/strong><\/p>\n\n\n\n<p>KVKK uyar\u0131nca sahip oldu\u011funuz haklar&nbsp;Z\u0130EN Enerji\u2019nin y\u00fck\u00fcml\u00fcl\u00fckleridir. Ki\u015fisel verilerinizi bu bilin\u00e7le ve mevzuat\u0131n gerektirdi\u011fi \u00f6l\u00e7\u00fcde i\u015fledi\u011fimizi, yasal de\u011fi\u015fikliklerin olmas\u0131 halinde sayfam\u0131zda yer alan bu bilgileri yeni mevzuata uygun g\u00fcncelleyece\u011fimizi, yap\u0131lan g\u00fcncellemeleri de bu sayfa \u00fczerinden her zaman kolayl\u0131kla takip edebilece\u011finizi size bildirmek isteriz.<\/p>\n\n\n\n<p><strong>6)Verinin g\u00fcncel ve do\u011fru tutuldu\u011fundan nas\u0131l emin olabilirim?<\/strong><strong><\/strong><\/p>\n\n\n\n<p>KVKK\u2019n\u0131n 4. maddesi uyar\u0131nca&nbsp;Z\u0130EN Enerji\u2019nin ki\u015fisel verilerinizi do\u011fru ve g\u00fcncel olarak tutma y\u00fck\u00fcml\u00fcl\u00fc\u011f\u00fc bulunmaktad\u0131r. Bu Z\u0130EN Enerji\u2019nin y\u00fcr\u00fcrl\u00fckteki mevzuattan do\u011fan y\u00fck\u00fcml\u00fcl\u00fcklerini yerine getirebilmesi i\u00e7in m\u00fc\u015fterilerimizin&nbsp;Z\u0130EN Enerji ile do\u011fru ve g\u00fcncel verilerini payla\u015fmas\u0131 gerekmektedir. Verilerinizin herhangi bir surette de\u011fi\u015fikli\u011fe u\u011framas\u0131 halinde a\u015fa\u011f\u0131da belirtilen ileti\u015fim kanallar\u0131ndan bizimle ileti\u015fime ge\u00e7erek verilerinizi g\u00fcncellemenizi rica ederiz.<\/p>\n\n\n\n<p><strong>7) Z\u0130EN Enerji\u2019ye ki\u015fisel verilerinizle ilgili soru sormak ister misiniz?<\/strong><strong><\/strong><\/p>\n\n\n\n<p>Bize ki\u015fisel verilerinizle ilgili her t\u00fcrl\u00fc soru ve g\u00f6r\u00fc\u015fleriniz i\u00e7in&nbsp;info@zienenergy.com&nbsp;e-posta adresinden diledi\u011finiz zaman ula\u015fabilirsiniz.<\/p>\n","protected":false},"excerpt":{"rendered":"<p>K\u0130\u015e\u0130SEL VER\u0130LER\u0130N KORUNMASI HAKKINDA A\u00c7IKLAMALAR Z\u0130EN YEN\u0130LENEB\u0130L\u0130R ENERJ\u0130 S\u0130STEMLER\u0130 L\u0130M\u0130TED \u015e\u0130RKET\u0130\u2019ye&nbsp;(\u201cZ\u0130EN Enerji\u201d)&nbsp;aktar\u0131lan ki\u015fisel verilerin korunmas\u0131 konusundaki temel bilgilere a\u015fa\u011f\u0131da yer verilmi\u015ftir.&nbsp;Z\u0130EN Enerji, 6698 say\u0131l\u0131 Ki\u015fisel Verilerin Korunmas\u0131 Kanunu (\u201cKVKK\u201d) m. 10\u2019dan do\u011fan ayd\u0131nlatma y\u00fck\u00fcml\u00fcl\u00fc\u011f\u00fcn\u00fc yerine getirmek amac\u0131yla a\u015fa\u011f\u0131daki a\u00e7\u0131klamalar\u0131 ALICI\u2019nin dikkatine sunar. Z\u0130EN Enerji i\u015fbu Ki\u015fisel Verilerin Korunmas\u0131 Hakk\u0131nda A\u00e7\u0131klama metnini y\u00fcr\u00fcrl\u00fckteki mevzuatta yap\u0131labilecek de\u011fi\u015fiklikler [&hellip;]<\/p>\n","protected":false},"author":2,"featured_media":0,"parent":0,"menu_order":0,"comment_status":"closed","ping_status":"closed","template":"elementor_header_footer","meta":{"footnotes":""},"class_list":["post-20033","page","type-page","status-publish","hentry"],"yoast_head":"<!-- This site is optimized with the Yoast SEO plugin v23.9 - https:\/\/yoast.com\/wordpress\/plugins\/seo\/ -->\n<title>KVKK | ZIEN Energy<\/title>\n<meta name=\"description\" content=\"ZIEN Energy \u2013 Tesla Wall Connector sat\u0131\u015f, yetkili ve uzman kurulum, h\u0131zl\u0131 montaj ve profesyonel destek, elektrikli ara\u00e7 \u015farj ve solar \u00e7\u00f6z\u00fcmler.\" \/>\n<meta name=\"robots\" content=\"index, follow, max-snippet:-1, max-image-preview:large, max-video-preview:-1\" \/>\n<link rel=\"canonical\" href=\"https:\/\/www.zienenergy.com\/tr\/kvkk\/\" \/>\n<meta property=\"og:locale\" content=\"tr_TR\" \/>\n<meta property=\"og:type\" content=\"article\" \/>\n<meta property=\"og:title\" content=\"KVKK | ZIEN Energy\" \/>\n<meta property=\"og:description\" content=\"ZIEN Energy \u2013 Tesla Wall Connector sat\u0131\u015f, yetkili ve uzman kurulum, h\u0131zl\u0131 montaj ve profesyonel destek, elektrikli ara\u00e7 \u015farj ve solar \u00e7\u00f6z\u00fcmler.\" \/>\n<meta property=\"og:url\" content=\"https:\/\/www.zienenergy.com\/tr\/kvkk\/\" \/>\n<meta property=\"og:site_name\" content=\"Zien Energy tr\" \/>\n<meta property=\"article:publisher\" content=\"https:\/\/www.facebook.com\/profile.php?id=61581373037569\" \/>\n<meta property=\"article:modified_time\" content=\"2026-04-09T19:01:22+00:00\" \/>\n<meta name=\"twitter:card\" content=\"summary_large_image\" \/>\n<meta name=\"twitter:site\" content=\"@Zien_Energy\" \/>\n<meta name=\"twitter:label1\" content=\"Tahmini okuma s\u00fcresi\" \/>\n\t<meta name=\"twitter:data1\" content=\"4 dakika\" \/>\n<script type=\"application\/ld+json\" class=\"yoast-schema-graph\">{\"@context\":\"https:\/\/schema.org\",\"@graph\":[{\"@type\":\"WebPage\",\"@id\":\"https:\/\/www.zienenergy.com\/tr\/kvkk\/\",\"url\":\"https:\/\/www.zienenergy.com\/tr\/kvkk\/\",\"name\":\"KVKK | ZIEN Energy\",\"isPartOf\":{\"@id\":\"https:\/\/www.zienenergy.com\/tr\/#website\"},\"datePublished\":\"2024-07-04T12:20:06+00:00\",\"dateModified\":\"2026-04-09T19:01:22+00:00\",\"description\":\"ZIEN Energy \u2013 Tesla Wall Connector sat\u0131\u015f, yetkili ve uzman kurulum, h\u0131zl\u0131 montaj ve profesyonel destek, elektrikli ara\u00e7 \u015farj ve solar \u00e7\u00f6z\u00fcmler.\",\"breadcrumb\":{\"@id\":\"https:\/\/www.zienenergy.com\/tr\/kvkk\/#breadcrumb\"},\"inLanguage\":\"tr\",\"potentialAction\":[{\"@type\":\"ReadAction\",\"target\":[\"https:\/\/www.zienenergy.com\/tr\/kvkk\/\"]}]},{\"@type\":\"BreadcrumbList\",\"@id\":\"https:\/\/www.zienenergy.com\/tr\/kvkk\/#breadcrumb\",\"itemListElement\":[{\"@type\":\"ListItem\",\"position\":1,\"name\":\"Home\",\"item\":\"https:\/\/www.zienenergy.com\/tr\/\"},{\"@type\":\"ListItem\",\"position\":2,\"name\":\"KVKK\"}]},{\"@type\":\"WebSite\",\"@id\":\"https:\/\/www.zienenergy.com\/tr\/#website\",\"url\":\"https:\/\/www.zienenergy.com\/tr\/\",\"name\":\"Zien Energy\",\"description\":\"Zien Energy - Elektrikli Ara\u00e7 \u015earj \u0130stasyonlar\u0131 ve Enerji \u00c7\u00f6z\u00fcmleri\",\"alternateName\":\"Zien Energy T\u00fcrkiye\",\"potentialAction\":[{\"@type\":\"SearchAction\",\"target\":{\"@type\":\"EntryPoint\",\"urlTemplate\":\"https:\/\/www.zienenergy.com\/tr\/?s={search_term_string}\"},\"query-input\":{\"@type\":\"PropertyValueSpecification\",\"valueRequired\":true,\"valueName\":\"search_term_string\"}}],\"inLanguage\":\"tr\"}]}<\/script>\n<!-- \/ Yoast SEO plugin. -->","yoast_head_json":{"title":"KVKK | ZIEN Energy","description":"ZIEN Energy \u2013 Tesla Wall Connector sat\u0131\u015f, yetkili ve uzman kurulum, h\u0131zl\u0131 montaj ve profesyonel destek, elektrikli ara\u00e7 \u015farj ve solar \u00e7\u00f6z\u00fcmler.","robots":{"index":"index","follow":"follow","max-snippet":"max-snippet:-1","max-image-preview":"max-image-preview:large","max-video-preview":"max-video-preview:-1"},"canonical":"https:\/\/www.zienenergy.com\/tr\/kvkk\/","og_locale":"tr_TR","og_type":"article","og_title":"KVKK | ZIEN Energy","og_description":"ZIEN Energy \u2013 Tesla Wall Connector sat\u0131\u015f, yetkili ve uzman kurulum, h\u0131zl\u0131 montaj ve profesyonel destek, elektrikli ara\u00e7 \u015farj ve solar \u00e7\u00f6z\u00fcmler.","og_url":"https:\/\/www.zienenergy.com\/tr\/kvkk\/","og_site_name":"Zien Energy tr","article_publisher":"https:\/\/www.facebook.com\/profile.php?id=61581373037569","article_modified_time":"2026-04-09T19:01:22+00:00","twitter_card":"summary_large_image","twitter_site":"@Zien_Energy","twitter_misc":{"Tahmini okuma s\u00fcresi":"4 dakika"},"schema":{"@context":"https:\/\/schema.org","@graph":[{"@type":"WebPage","@id":"https:\/\/www.zienenergy.com\/tr\/kvkk\/","url":"https:\/\/www.zienenergy.com\/tr\/kvkk\/","name":"KVKK | ZIEN Energy","isPartOf":{"@id":"https:\/\/www.zienenergy.com\/tr\/#website"},"datePublished":"2024-07-04T12:20:06+00:00","dateModified":"2026-04-09T19:01:22+00:00","description":"ZIEN Energy \u2013 Tesla Wall Connector sat\u0131\u015f, yetkili ve uzman kurulum, h\u0131zl\u0131 montaj ve profesyonel destek, elektrikli ara\u00e7 \u015farj ve solar \u00e7\u00f6z\u00fcmler.","breadcrumb":{"@id":"https:\/\/www.zienenergy.com\/tr\/kvkk\/#breadcrumb"},"inLanguage":"tr","potentialAction":[{"@type":"ReadAction","target":["https:\/\/www.zienenergy.com\/tr\/kvkk\/"]}]},{"@type":"BreadcrumbList","@id":"https:\/\/www.zienenergy.com\/tr\/kvkk\/#breadcrumb","itemListElement":[{"@type":"ListItem","position":1,"name":"Home","item":"https:\/\/www.zienenergy.com\/tr\/"},{"@type":"ListItem","position":2,"name":"KVKK"}]},{"@type":"WebSite","@id":"https:\/\/www.zienenergy.com\/tr\/#website","url":"https:\/\/www.zienenergy.com\/tr\/","name":"Zien Energy","description":"Zien Energy - Elektrikli Ara\u00e7 \u015earj \u0130stasyonlar\u0131 ve Enerji \u00c7\u00f6z\u00fcmleri","alternateName":"Zien Energy T\u00fcrkiye","potentialAction":[{"@type":"SearchAction","target":{"@type":"EntryPoint","urlTemplate":"https:\/\/www.zienenergy.com\/tr\/?s={search_term_string}"},"query-input":{"@type":"PropertyValueSpecification","valueRequired":true,"valueName":"search_term_string"}}],"inLanguage":"tr"}]}},"_links":{"self":[{"href":"https:\/\/www.zienenergy.com\/tr\/wp-json\/wp\/v2\/pages\/20033","targetHints":{"allow":["GET"]}}],"collection":[{"href":"https:\/\/www.zienenergy.com\/tr\/wp-json\/wp\/v2\/pages"}],"about":[{"href":"https:\/\/www.zienenergy.com\/tr\/wp-json\/wp\/v2\/types\/page"}],"author":[{"embeddable":true,"href":"https:\/\/www.zienenergy.com\/tr\/wp-json\/wp\/v2\/users\/2"}],"replies":[{"embeddable":true,"href":"https:\/\/www.zienenergy.com\/tr\/wp-json\/wp\/v2\/comments?post=20033"}],"version-history":[{"count":3,"href":"https:\/\/www.zienenergy.com\/tr\/wp-json\/wp\/v2\/pages\/20033\/revisions"}],"predecessor-version":[{"id":21201,"href":"https:\/\/www.zienenergy.com\/tr\/wp-json\/wp\/v2\/pages\/20033\/revisions\/21201"}],"wp:attachment":[{"href":"https:\/\/www.zienenergy.com\/tr\/wp-json\/wp\/v2\/media?parent=20033"}],"curies":[{"name":"wp","href":"https:\/\/api.w.org\/{rel}","templated":true}]}}