{"id":19074,"date":"2026-04-09T18:28:11","date_gmt":"2026-04-09T18:28:11","guid":{"rendered":"https:\/\/www.zienenergy.com\/tr\/?page_id=19074"},"modified":"2026-04-09T18:30:28","modified_gmt":"2026-04-09T18:30:28","slug":"iade-ve-geri-odeme-politikasi","status":"publish","type":"page","link":"https:\/\/www.zienenergy.com\/tr\/iade-ve-geri-odeme-politikasi\/","title":{"rendered":"\u0130ade ve Geri \u00d6deme Politikas\u0131"},"content":{"rendered":"\n<h2 class=\"wp-block-heading\"><strong>TESL\u0130MAT \u015eARTLARI<\/strong><\/h2>\n\n\n\n<ul class=\"wp-block-list\">\n<li><strong>Teslimat S\u00fcresi:<\/strong> Sipari\u015fleriniz, anla\u015fmal\u0131 kargo firmam\u0131z arac\u0131l\u0131\u011f\u0131yla yasal 30 g\u00fcnl\u00fck s\u00fcreyi a\u015fmayacak \u015fekilde (genellikle 1-3 i\u015f g\u00fcn\u00fc i\u00e7inde) adresinize teslim edilir.<\/li>\n\n\n\n<li><strong>Kontrol Y\u00fck\u00fcml\u00fcl\u00fc\u011f\u00fc:<\/strong> \u00dcr\u00fcn\u00fc teslim al\u0131rken paketleri mutlaka kontrol ediniz. Ezik, k\u0131r\u0131k veya ambalaj\u0131 y\u0131rt\u0131lm\u0131\u015f hasarl\u0131 paketleri kabul etmeyiniz ve kargo g\u00f6revlisine <strong>&#8220;Hasar Tespit Tutana\u011f\u0131&#8221;<\/strong> tutturunuz. Tutana\u011f\u0131 bulunmayan hasarl\u0131 \u00fcr\u00fcnlerde yasal sorumluluk al\u0131c\u0131ya aittir.<\/li>\n<\/ul>\n\n\n\n<h2 class=\"wp-block-heading\"><strong>CAYMA HAKKI VE \u0130ADE KO\u015eULLARI<\/strong><\/h2>\n\n\n\n<ul class=\"wp-block-list\">\n<li><strong>\u0130ade S\u00fcresi:<\/strong> T\u00fcketici mevzuat\u0131 gere\u011fi, \u00fcr\u00fcn\u00fc teslim ald\u0131\u011f\u0131n\u0131z tarihten itibaren <strong>14 g\u00fcn<\/strong> i\u00e7erisinde hi\u00e7bir gerek\u00e7e g\u00f6stermeksizin cayma hakk\u0131n\u0131z\u0131 kullanabilirsiniz.<\/li>\n\n\n\n<li><strong>\u0130ade \u015eart\u0131:<\/strong> \u0130ade edilecek \u00fcr\u00fcn\u00fcn; orijinal kutusu, garanti belgesi, t\u00fcm aksesuarlar\u0131 ve faturas\u0131 ile birlikte, kullan\u0131lmam\u0131\u015f ve kurulumu yap\u0131lmam\u0131\u015f (yeniden sat\u0131labilirli\u011fi bozulmam\u0131\u015f) \u015fekilde g\u00f6nderilmesi gerekmektedir.<\/li>\n\n\n\n<li><strong>\u0130ade Kargo \u00dccreti:<\/strong> Cayma hakk\u0131 kapsam\u0131nda yap\u0131lacak iadelerde kargo \u00fccreti <strong>Zien Energy<\/strong> taraf\u0131na aittir. \u0130ade s\u00fcrecini ba\u015flatmak ve g\u00fcncel anla\u015fmal\u0131 kargo bilgilerimizi \u00f6\u011frenmek i\u00e7in l\u00fctfen g\u00f6nderim yapmadan \u00f6nce bizimle ileti\u015fime ge\u00e7iniz.<\/li>\n\n\n\n<li><strong>Geri \u00d6deme:<\/strong> \u0130adeniz taraf\u0131m\u0131za ula\u015f\u0131p onayland\u0131ktan sonra <strong>14 g\u00fcn<\/strong> i\u00e7erisinde \u00f6demeniz, sat\u0131n al\u0131rken kulland\u0131\u011f\u0131n\u0131z \u00f6deme arac\u0131na (Kredi Kart\u0131 \/ Banka Hesab\u0131) iade edilir.<\/li>\n<\/ul>\n\n\n\n<h3 class=\"wp-block-heading\"><strong>\u0130ADE ADRES\u0130 VE \u0130LET\u0130\u015e\u0130M<\/strong><\/h3>\n\n\n\n<ul class=\"wp-block-list\">\n<li><strong>\u015eirket \u00dcnvan\u0131:<\/strong> Z\u0130EN YEN\u0130LENEB\u0130L\u0130R ENERJ\u0130 S\u0130STEMLER\u0130 LTD. \u015eT\u0130.<\/li>\n\n\n\n<li><strong>Adres:<\/strong> SEVG\u0130 MAH. 659 SK. G\u00d6K\u00c7ESEV NO: 9 \u0130\u00c7 KAPI NO: 7 GAZ\u0130EM\u0130R \/ \u0130ZM\u0130R<\/li>\n\n\n\n<li><strong>E-posta:<\/strong> info@zienenergy.com<\/li>\n\n\n\n<li><strong>Telefon:<\/strong> 0530 891 56 58<\/li>\n<\/ul>\n\n\n\n<p><\/p>\n","protected":false},"excerpt":{"rendered":"<p>TESL\u0130MAT \u015eARTLARI CAYMA HAKKI VE \u0130ADE KO\u015eULLARI \u0130ADE ADRES\u0130 VE \u0130LET\u0130\u015e\u0130M<\/p>\n","protected":false},"author":1,"featured_media":0,"parent":0,"menu_order":0,"comment_status":"closed","ping_status":"closed","template":"","meta":{"footnotes":""},"class_list":["post-19074","page","type-page","status-publish","hentry"],"yoast_head":"<!-- This site is optimized with the Yoast SEO plugin v23.9 - https:\/\/yoast.com\/wordpress\/plugins\/seo\/ -->\n<title>\u0130ade ve Geri \u00d6deme Politikas\u0131 - Zien Energy tr % Tesla Wall Connector Sat\u0131\u015f, Yetkili ve Uzman Montaj | H\u0131zl\u0131 Kurulum \u2013 ZIEN Energy<\/title>\n<meta name=\"description\" content=\"Zien Energy iade ve geri \u00f6deme politikas\u0131: 14 g\u00fcn i\u00e7inde cayma hakk\u0131, \u00fccretsiz iade kargo ve h\u0131zl\u0131 geri \u00f6deme s\u00fcreci hakk\u0131nda detayl\u0131 bilgiler.\" \/>\n<meta name=\"robots\" content=\"index, follow, max-snippet:-1, max-image-preview:large, max-video-preview:-1\" \/>\n<link rel=\"canonical\" href=\"https:\/\/www.zienenergy.com\/tr\/iade-ve-geri-odeme-politikasi\/\" \/>\n<meta property=\"og:locale\" content=\"tr_TR\" \/>\n<meta property=\"og:type\" content=\"article\" \/>\n<meta property=\"og:title\" content=\"\u0130ade ve Geri \u00d6deme Politikas\u0131 - Zien Energy tr % Tesla Wall Connector Sat\u0131\u015f, Yetkili ve Uzman Montaj | H\u0131zl\u0131 Kurulum \u2013 ZIEN Energy\" \/>\n<meta property=\"og:description\" content=\"Zien Energy iade ve geri \u00f6deme politikas\u0131: 14 g\u00fcn i\u00e7inde cayma hakk\u0131, \u00fccretsiz iade kargo ve h\u0131zl\u0131 geri \u00f6deme s\u00fcreci hakk\u0131nda detayl\u0131 bilgiler.\" \/>\n<meta property=\"og:url\" content=\"https:\/\/www.zienenergy.com\/tr\/iade-ve-geri-odeme-politikasi\/\" \/>\n<meta property=\"og:site_name\" content=\"Zien Energy tr\" \/>\n<meta property=\"article:publisher\" content=\"https:\/\/www.facebook.com\/profile.php?id=61581373037569\" \/>\n<meta property=\"article:modified_time\" content=\"2026-04-09T18:30:28+00:00\" \/>\n<meta name=\"twitter:card\" content=\"summary_large_image\" \/>\n<meta name=\"twitter:site\" content=\"@Zien_Energy\" \/>\n<meta name=\"twitter:label1\" content=\"Tahmini okuma s\u00fcresi\" \/>\n\t<meta name=\"twitter:data1\" content=\"2 dakika\" \/>\n<script type=\"application\/ld+json\" class=\"yoast-schema-graph\">{\"@context\":\"https:\/\/schema.org\",\"@graph\":[{\"@type\":\"WebPage\",\"@id\":\"https:\/\/www.zienenergy.com\/tr\/iade-ve-geri-odeme-politikasi\/\",\"url\":\"https:\/\/www.zienenergy.com\/tr\/iade-ve-geri-odeme-politikasi\/\",\"name\":\"\u0130ade ve Geri \u00d6deme Politikas\u0131 - Zien Energy tr % Tesla Wall Connector Sat\u0131\u015f, Yetkili ve Uzman Montaj | H\u0131zl\u0131 Kurulum \u2013 ZIEN Energy\",\"isPartOf\":{\"@id\":\"https:\/\/www.zienenergy.com\/tr\/#website\"},\"datePublished\":\"2026-04-09T18:28:11+00:00\",\"dateModified\":\"2026-04-09T18:30:28+00:00\",\"description\":\"Zien Energy iade ve geri \u00f6deme politikas\u0131: 14 g\u00fcn i\u00e7inde cayma hakk\u0131, \u00fccretsiz iade kargo ve h\u0131zl\u0131 geri \u00f6deme s\u00fcreci hakk\u0131nda detayl\u0131 bilgiler.\",\"breadcrumb\":{\"@id\":\"https:\/\/www.zienenergy.com\/tr\/iade-ve-geri-odeme-politikasi\/#breadcrumb\"},\"inLanguage\":\"tr\",\"potentialAction\":[{\"@type\":\"ReadAction\",\"target\":[\"https:\/\/www.zienenergy.com\/tr\/iade-ve-geri-odeme-politikasi\/\"]}]},{\"@type\":\"BreadcrumbList\",\"@id\":\"https:\/\/www.zienenergy.com\/tr\/iade-ve-geri-odeme-politikasi\/#breadcrumb\",\"itemListElement\":[{\"@type\":\"ListItem\",\"position\":1,\"name\":\"Home\",\"item\":\"https:\/\/www.zienenergy.com\/tr\/\"},{\"@type\":\"ListItem\",\"position\":2,\"name\":\"\u0130ade ve Geri \u00d6deme Politikas\u0131\"}]},{\"@type\":\"WebSite\",\"@id\":\"https:\/\/www.zienenergy.com\/tr\/#website\",\"url\":\"https:\/\/www.zienenergy.com\/tr\/\",\"name\":\"Zien Energy\",\"description\":\"Zien Energy - Elektrikli Ara\u00e7 \u015earj \u0130stasyonlar\u0131 ve Enerji \u00c7\u00f6z\u00fcmleri\",\"alternateName\":\"Zien Energy T\u00fcrkiye\",\"potentialAction\":[{\"@type\":\"SearchAction\",\"target\":{\"@type\":\"EntryPoint\",\"urlTemplate\":\"https:\/\/www.zienenergy.com\/tr\/?s={search_term_string}\"},\"query-input\":{\"@type\":\"PropertyValueSpecification\",\"valueRequired\":true,\"valueName\":\"search_term_string\"}}],\"inLanguage\":\"tr\"}]}<\/script>\n<!-- \/ Yoast SEO plugin. -->","yoast_head_json":{"title":"\u0130ade ve Geri \u00d6deme Politikas\u0131 - Zien Energy tr % Tesla Wall Connector Sat\u0131\u015f, Yetkili ve Uzman Montaj | H\u0131zl\u0131 Kurulum \u2013 ZIEN Energy","description":"Zien Energy iade ve geri \u00f6deme politikas\u0131: 14 g\u00fcn i\u00e7inde cayma hakk\u0131, \u00fccretsiz iade kargo ve h\u0131zl\u0131 geri \u00f6deme s\u00fcreci hakk\u0131nda detayl\u0131 bilgiler.","robots":{"index":"index","follow":"follow","max-snippet":"max-snippet:-1","max-image-preview":"max-image-preview:large","max-video-preview":"max-video-preview:-1"},"canonical":"https:\/\/www.zienenergy.com\/tr\/iade-ve-geri-odeme-politikasi\/","og_locale":"tr_TR","og_type":"article","og_title":"\u0130ade ve Geri \u00d6deme Politikas\u0131 - Zien Energy tr % Tesla Wall Connector Sat\u0131\u015f, Yetkili ve Uzman Montaj | H\u0131zl\u0131 Kurulum \u2013 ZIEN Energy","og_description":"Zien Energy iade ve geri \u00f6deme politikas\u0131: 14 g\u00fcn i\u00e7inde cayma hakk\u0131, \u00fccretsiz iade kargo ve h\u0131zl\u0131 geri \u00f6deme s\u00fcreci hakk\u0131nda detayl\u0131 bilgiler.","og_url":"https:\/\/www.zienenergy.com\/tr\/iade-ve-geri-odeme-politikasi\/","og_site_name":"Zien Energy tr","article_publisher":"https:\/\/www.facebook.com\/profile.php?id=61581373037569","article_modified_time":"2026-04-09T18:30:28+00:00","twitter_card":"summary_large_image","twitter_site":"@Zien_Energy","twitter_misc":{"Tahmini okuma s\u00fcresi":"2 dakika"},"schema":{"@context":"https:\/\/schema.org","@graph":[{"@type":"WebPage","@id":"https:\/\/www.zienenergy.com\/tr\/iade-ve-geri-odeme-politikasi\/","url":"https:\/\/www.zienenergy.com\/tr\/iade-ve-geri-odeme-politikasi\/","name":"\u0130ade ve Geri \u00d6deme Politikas\u0131 - Zien Energy tr % Tesla Wall Connector Sat\u0131\u015f, Yetkili ve Uzman Montaj | H\u0131zl\u0131 Kurulum \u2013 ZIEN Energy","isPartOf":{"@id":"https:\/\/www.zienenergy.com\/tr\/#website"},"datePublished":"2026-04-09T18:28:11+00:00","dateModified":"2026-04-09T18:30:28+00:00","description":"Zien Energy iade ve geri \u00f6deme politikas\u0131: 14 g\u00fcn i\u00e7inde cayma hakk\u0131, \u00fccretsiz iade kargo ve h\u0131zl\u0131 geri \u00f6deme s\u00fcreci hakk\u0131nda detayl\u0131 bilgiler.","breadcrumb":{"@id":"https:\/\/www.zienenergy.com\/tr\/iade-ve-geri-odeme-politikasi\/#breadcrumb"},"inLanguage":"tr","potentialAction":[{"@type":"ReadAction","target":["https:\/\/www.zienenergy.com\/tr\/iade-ve-geri-odeme-politikasi\/"]}]},{"@type":"BreadcrumbList","@id":"https:\/\/www.zienenergy.com\/tr\/iade-ve-geri-odeme-politikasi\/#breadcrumb","itemListElement":[{"@type":"ListItem","position":1,"name":"Home","item":"https:\/\/www.zienenergy.com\/tr\/"},{"@type":"ListItem","position":2,"name":"\u0130ade ve Geri \u00d6deme Politikas\u0131"}]},{"@type":"WebSite","@id":"https:\/\/www.zienenergy.com\/tr\/#website","url":"https:\/\/www.zienenergy.com\/tr\/","name":"Zien Energy","description":"Zien Energy - Elektrikli Ara\u00e7 \u015earj \u0130stasyonlar\u0131 ve Enerji \u00c7\u00f6z\u00fcmleri","alternateName":"Zien Energy T\u00fcrkiye","potentialAction":[{"@type":"SearchAction","target":{"@type":"EntryPoint","urlTemplate":"https:\/\/www.zienenergy.com\/tr\/?s={search_term_string}"},"query-input":{"@type":"PropertyValueSpecification","valueRequired":true,"valueName":"search_term_string"}}],"inLanguage":"tr"}]}},"_links":{"self":[{"href":"https:\/\/www.zienenergy.com\/tr\/wp-json\/wp\/v2\/pages\/19074","targetHints":{"allow":["GET"]}}],"collection":[{"href":"https:\/\/www.zienenergy.com\/tr\/wp-json\/wp\/v2\/pages"}],"about":[{"href":"https:\/\/www.zienenergy.com\/tr\/wp-json\/wp\/v2\/types\/page"}],"author":[{"embeddable":true,"href":"https:\/\/www.zienenergy.com\/tr\/wp-json\/wp\/v2\/users\/1"}],"replies":[{"embeddable":true,"href":"https:\/\/www.zienenergy.com\/tr\/wp-json\/wp\/v2\/comments?post=19074"}],"version-history":[{"count":2,"href":"https:\/\/www.zienenergy.com\/tr\/wp-json\/wp\/v2\/pages\/19074\/revisions"}],"predecessor-version":[{"id":21195,"href":"https:\/\/www.zienenergy.com\/tr\/wp-json\/wp\/v2\/pages\/19074\/revisions\/21195"}],"wp:attachment":[{"href":"https:\/\/www.zienenergy.com\/tr\/wp-json\/wp\/v2\/media?parent=19074"}],"curies":[{"name":"wp","href":"https:\/\/api.w.org\/{rel}","templated":true}]}}