{"id":17677,"date":"2020-07-13T04:09:47","date_gmt":"2020-07-13T04:09:47","guid":{"rendered":"http:\/\/demo.creativesplanet.com\/greenly\/greenly-site1\/?page_id=17677"},"modified":"2024-09-28T20:47:17","modified_gmt":"2024-09-28T20:47:17","slug":"certificates","status":"publish","type":"page","link":"https:\/\/www.zienenergy.com\/tr\/certificates\/","title":{"rendered":"Sertifikalar"},"content":{"rendered":"\t\t<div data-elementor-type=\"wp-page\" data-elementor-id=\"17677\" class=\"elementor elementor-17677\">\n\t\t\t\t\t\t<section class=\"elementor-section elementor-top-section elementor-element elementor-element-2f1a3d6 cspt-col-stretched-none cspt-bg-color-over-image elementor-section-boxed elementor-section-height-default elementor-section-height-default\" data-id=\"2f1a3d6\" data-element_type=\"section\">\n\t\t\t\t\t\t<div class=\"elementor-container elementor-column-gap-default\">\n\t\t\t\t\t<div class=\"elementor-column elementor-col-100 elementor-top-column elementor-element elementor-element-7b3f4c0 cspt-bg-color-over-image\" data-id=\"7b3f4c0\" data-element_type=\"column\">\n\t\t\t<div class=\"elementor-widget-wrap\">\n\t\t\t\t\t\t\t<\/div>\n\t\t<\/div>\n\t\t\t\t\t<\/div>\n\t\t<\/section>\n\t\t\t\t<section class=\"elementor-section elementor-top-section elementor-element elementor-element-ff613f5 cspt-col-stretched-none cspt-bg-color-over-image elementor-section-boxed elementor-section-height-default elementor-section-height-default\" data-id=\"ff613f5\" data-element_type=\"section\">\n\t\t\t\t\t\t<div class=\"elementor-container elementor-column-gap-default\">\n\t\t\t\t\t<div class=\"elementor-column elementor-col-50 elementor-top-column elementor-element elementor-element-bb4378a cspt-bg-color-over-image\" data-id=\"bb4378a\" data-element_type=\"column\">\n\t\t\t<div class=\"elementor-widget-wrap elementor-element-populated\">\n\t\t\t\t\t\t<div class=\"elementor-element elementor-element-7c2a1b8 elementor-widget elementor-widget-image\" data-id=\"7c2a1b8\" data-element_type=\"widget\" data-widget_type=\"image.default\">\n\t\t\t\t<div class=\"elementor-widget-container\">\n\t\t\t\t\t\t\t\t\t\t\t\t\t<img fetchpriority=\"high\" decoding=\"async\" width=\"847\" height=\"564\" src=\"https:\/\/www.zienenergy.com\/tr\/wp-content\/uploads\/2023\/06\/lisans.jpg\" class=\"attachment-large size-large wp-image-19549\" alt=\"\" srcset=\"https:\/\/www.zienenergy.com\/tr\/wp-content\/uploads\/2023\/06\/lisans.jpg 950w, https:\/\/www.zienenergy.com\/tr\/wp-content\/uploads\/2023\/06\/lisans-300x200.jpg 300w, https:\/\/www.zienenergy.com\/tr\/wp-content\/uploads\/2023\/06\/lisans-768x512.jpg 768w, https:\/\/www.zienenergy.com\/tr\/wp-content\/uploads\/2023\/06\/lisans-770x513.jpg 770w, https:\/\/www.zienenergy.com\/tr\/wp-content\/uploads\/2023\/06\/lisans-600x400.jpg 600w\" sizes=\"(max-width: 847px) 100vw, 847px\" data-id=\"19549\" \/>\t\t\t\t\t\t\t\t\t\t\t\t\t<\/div>\n\t\t\t\t<\/div>\n\t\t\t\t\t<\/div>\n\t\t<\/div>\n\t\t\t\t<div class=\"elementor-column elementor-col-50 elementor-top-column elementor-element elementor-element-92ce753 cspt-bg-color-over-image\" data-id=\"92ce753\" data-element_type=\"column\">\n\t\t\t<div class=\"elementor-widget-wrap elementor-element-populated\">\n\t\t\t\t\t\t<div class=\"elementor-element elementor-element-0576dc8 elementor-widget elementor-widget-image\" data-id=\"0576dc8\" data-element_type=\"widget\" data-widget_type=\"image.default\">\n\t\t\t\t<div class=\"elementor-widget-container\">\n\t\t\t\t\t\t\t\t\t\t\t\t\t<img decoding=\"async\" width=\"756\" height=\"1024\" src=\"https:\/\/www.zienenergy.com\/tr\/wp-content\/uploads\/2023\/06\/bulgar-ceviri-756x1024.jpg\" class=\"attachment-large size-large wp-image-19550\" alt=\"\" srcset=\"https:\/\/www.zienenergy.com\/tr\/wp-content\/uploads\/2023\/06\/bulgar-ceviri-756x1024.jpg 756w, https:\/\/www.zienenergy.com\/tr\/wp-content\/uploads\/2023\/06\/bulgar-ceviri-221x300.jpg 221w, https:\/\/www.zienenergy.com\/tr\/wp-content\/uploads\/2023\/06\/bulgar-ceviri-768x1041.jpg 768w, https:\/\/www.zienenergy.com\/tr\/wp-content\/uploads\/2023\/06\/bulgar-ceviri-770x1043.jpg 770w, https:\/\/www.zienenergy.com\/tr\/wp-content\/uploads\/2023\/06\/bulgar-ceviri-600x813.jpg 600w, https:\/\/www.zienenergy.com\/tr\/wp-content\/uploads\/2023\/06\/bulgar-ceviri.jpg 1079w\" sizes=\"(max-width: 756px) 100vw, 756px\" data-id=\"19550\" \/>\t\t\t\t\t\t\t\t\t\t\t\t\t<\/div>\n\t\t\t\t<\/div>\n\t\t\t\t\t<\/div>\n\t\t<\/div>\n\t\t\t\t\t<\/div>\n\t\t<\/section>\n\t\t\t\t<\/div>\n\t\t","protected":false},"excerpt":{"rendered":"","protected":false},"author":1,"featured_media":0,"parent":0,"menu_order":14,"comment_status":"closed","ping_status":"closed","template":"","meta":{"footnotes":""},"class_list":["post-17677","page","type-page","status-publish","hentry"],"yoast_head":"<!-- This site is optimized with the Yoast SEO plugin v23.9 - https:\/\/yoast.com\/wordpress\/plugins\/seo\/ -->\n<title>Sertifikalar - Zien Energy tr % Tesla Wall Connector Sat\u0131\u015f, Yetkili ve Uzman Montaj | H\u0131zl\u0131 Kurulum \u2013 ZIEN Energy<\/title>\n<meta name=\"description\" content=\"ZIEN Energy \u2013 Tesla Wall Connector sat\u0131\u015f, yetkili ve uzman kurulum, h\u0131zl\u0131 montaj ve profesyonel destek, elektrikli ara\u00e7 \u015farj ve solar \u00e7\u00f6z\u00fcmler.\" \/>\n<meta name=\"robots\" content=\"index, follow, max-snippet:-1, max-image-preview:large, max-video-preview:-1\" \/>\n<link rel=\"canonical\" href=\"https:\/\/www.zienenergy.com\/tr\/certificates\/\" \/>\n<meta property=\"og:locale\" content=\"tr_TR\" \/>\n<meta property=\"og:type\" content=\"article\" \/>\n<meta property=\"og:title\" content=\"Sertifikalar - Zien Energy tr % Tesla Wall Connector Sat\u0131\u015f, Yetkili ve Uzman Montaj | H\u0131zl\u0131 Kurulum \u2013 ZIEN Energy\" \/>\n<meta property=\"og:description\" content=\"ZIEN Energy \u2013 Tesla Wall Connector sat\u0131\u015f, yetkili ve uzman kurulum, h\u0131zl\u0131 montaj ve profesyonel destek, elektrikli ara\u00e7 \u015farj ve solar \u00e7\u00f6z\u00fcmler.\" \/>\n<meta property=\"og:url\" content=\"https:\/\/www.zienenergy.com\/tr\/certificates\/\" \/>\n<meta property=\"og:site_name\" content=\"Zien Energy tr\" \/>\n<meta property=\"article:publisher\" content=\"https:\/\/www.facebook.com\/profile.php?id=61581373037569\" \/>\n<meta property=\"article:modified_time\" content=\"2024-09-28T20:47:17+00:00\" \/>\n<meta property=\"og:image\" content=\"https:\/\/www.zienenergy.com\/tr\/wp-content\/uploads\/2023\/06\/lisans.jpg\" \/>\n<meta name=\"twitter:card\" content=\"summary_large_image\" \/>\n<meta name=\"twitter:site\" content=\"@Zien_Energy\" \/>\n<script type=\"application\/ld+json\" class=\"yoast-schema-graph\">{\"@context\":\"https:\/\/schema.org\",\"@graph\":[{\"@type\":\"WebPage\",\"@id\":\"https:\/\/www.zienenergy.com\/tr\/certificates\/\",\"url\":\"https:\/\/www.zienenergy.com\/tr\/certificates\/\",\"name\":\"Sertifikalar - Zien Energy tr % Tesla Wall Connector Sat\u0131\u015f, Yetkili ve Uzman Montaj | H\u0131zl\u0131 Kurulum \u2013 ZIEN Energy\",\"isPartOf\":{\"@id\":\"https:\/\/www.zienenergy.com\/tr\/#website\"},\"primaryImageOfPage\":{\"@id\":\"https:\/\/www.zienenergy.com\/tr\/certificates\/#primaryimage\"},\"image\":{\"@id\":\"https:\/\/www.zienenergy.com\/tr\/certificates\/#primaryimage\"},\"thumbnailUrl\":\"https:\/\/www.zienenergy.com\/tr\/wp-content\/uploads\/2023\/06\/lisans.jpg\",\"datePublished\":\"2020-07-13T04:09:47+00:00\",\"dateModified\":\"2024-09-28T20:47:17+00:00\",\"description\":\"ZIEN Energy \u2013 Tesla Wall Connector sat\u0131\u015f, yetkili ve uzman kurulum, h\u0131zl\u0131 montaj ve profesyonel destek, elektrikli ara\u00e7 \u015farj ve solar \u00e7\u00f6z\u00fcmler.\",\"breadcrumb\":{\"@id\":\"https:\/\/www.zienenergy.com\/tr\/certificates\/#breadcrumb\"},\"inLanguage\":\"tr\",\"potentialAction\":[{\"@type\":\"ReadAction\",\"target\":[\"https:\/\/www.zienenergy.com\/tr\/certificates\/\"]}]},{\"@type\":\"ImageObject\",\"inLanguage\":\"tr\",\"@id\":\"https:\/\/www.zienenergy.com\/tr\/certificates\/#primaryimage\",\"url\":\"https:\/\/www.zienenergy.com\/tr\/wp-content\/uploads\/2023\/06\/lisans.jpg\",\"contentUrl\":\"https:\/\/www.zienenergy.com\/tr\/wp-content\/uploads\/2023\/06\/lisans.jpg\",\"width\":950,\"height\":633},{\"@type\":\"BreadcrumbList\",\"@id\":\"https:\/\/www.zienenergy.com\/tr\/certificates\/#breadcrumb\",\"itemListElement\":[{\"@type\":\"ListItem\",\"position\":1,\"name\":\"Home\",\"item\":\"https:\/\/www.zienenergy.com\/tr\/\"},{\"@type\":\"ListItem\",\"position\":2,\"name\":\"Sertifikalar\"}]},{\"@type\":\"WebSite\",\"@id\":\"https:\/\/www.zienenergy.com\/tr\/#website\",\"url\":\"https:\/\/www.zienenergy.com\/tr\/\",\"name\":\"Zien Energy\",\"description\":\"Zien Energy - Elektrikli Ara\u00e7 \u015earj \u0130stasyonlar\u0131 ve Enerji \u00c7\u00f6z\u00fcmleri\",\"alternateName\":\"Zien Energy T\u00fcrkiye\",\"potentialAction\":[{\"@type\":\"SearchAction\",\"target\":{\"@type\":\"EntryPoint\",\"urlTemplate\":\"https:\/\/www.zienenergy.com\/tr\/?s={search_term_string}\"},\"query-input\":{\"@type\":\"PropertyValueSpecification\",\"valueRequired\":true,\"valueName\":\"search_term_string\"}}],\"inLanguage\":\"tr\"}]}<\/script>\n<!-- \/ Yoast SEO plugin. -->","yoast_head_json":{"title":"Sertifikalar - Zien Energy tr % Tesla Wall Connector Sat\u0131\u015f, Yetkili ve Uzman Montaj | H\u0131zl\u0131 Kurulum \u2013 ZIEN Energy","description":"ZIEN Energy \u2013 Tesla Wall Connector sat\u0131\u015f, yetkili ve uzman kurulum, h\u0131zl\u0131 montaj ve profesyonel destek, elektrikli ara\u00e7 \u015farj ve solar \u00e7\u00f6z\u00fcmler.","robots":{"index":"index","follow":"follow","max-snippet":"max-snippet:-1","max-image-preview":"max-image-preview:large","max-video-preview":"max-video-preview:-1"},"canonical":"https:\/\/www.zienenergy.com\/tr\/certificates\/","og_locale":"tr_TR","og_type":"article","og_title":"Sertifikalar - Zien Energy tr % Tesla Wall Connector Sat\u0131\u015f, Yetkili ve Uzman Montaj | H\u0131zl\u0131 Kurulum \u2013 ZIEN Energy","og_description":"ZIEN Energy \u2013 Tesla Wall Connector sat\u0131\u015f, yetkili ve uzman kurulum, h\u0131zl\u0131 montaj ve profesyonel destek, elektrikli ara\u00e7 \u015farj ve solar \u00e7\u00f6z\u00fcmler.","og_url":"https:\/\/www.zienenergy.com\/tr\/certificates\/","og_site_name":"Zien Energy tr","article_publisher":"https:\/\/www.facebook.com\/profile.php?id=61581373037569","article_modified_time":"2024-09-28T20:47:17+00:00","og_image":[{"url":"https:\/\/www.zienenergy.com\/tr\/wp-content\/uploads\/2023\/06\/lisans.jpg"}],"twitter_card":"summary_large_image","twitter_site":"@Zien_Energy","schema":{"@context":"https:\/\/schema.org","@graph":[{"@type":"WebPage","@id":"https:\/\/www.zienenergy.com\/tr\/certificates\/","url":"https:\/\/www.zienenergy.com\/tr\/certificates\/","name":"Sertifikalar - Zien Energy tr % Tesla Wall Connector Sat\u0131\u015f, Yetkili ve Uzman Montaj | H\u0131zl\u0131 Kurulum \u2013 ZIEN Energy","isPartOf":{"@id":"https:\/\/www.zienenergy.com\/tr\/#website"},"primaryImageOfPage":{"@id":"https:\/\/www.zienenergy.com\/tr\/certificates\/#primaryimage"},"image":{"@id":"https:\/\/www.zienenergy.com\/tr\/certificates\/#primaryimage"},"thumbnailUrl":"https:\/\/www.zienenergy.com\/tr\/wp-content\/uploads\/2023\/06\/lisans.jpg","datePublished":"2020-07-13T04:09:47+00:00","dateModified":"2024-09-28T20:47:17+00:00","description":"ZIEN Energy \u2013 Tesla Wall Connector sat\u0131\u015f, yetkili ve uzman kurulum, h\u0131zl\u0131 montaj ve profesyonel destek, elektrikli ara\u00e7 \u015farj ve solar \u00e7\u00f6z\u00fcmler.","breadcrumb":{"@id":"https:\/\/www.zienenergy.com\/tr\/certificates\/#breadcrumb"},"inLanguage":"tr","potentialAction":[{"@type":"ReadAction","target":["https:\/\/www.zienenergy.com\/tr\/certificates\/"]}]},{"@type":"ImageObject","inLanguage":"tr","@id":"https:\/\/www.zienenergy.com\/tr\/certificates\/#primaryimage","url":"https:\/\/www.zienenergy.com\/tr\/wp-content\/uploads\/2023\/06\/lisans.jpg","contentUrl":"https:\/\/www.zienenergy.com\/tr\/wp-content\/uploads\/2023\/06\/lisans.jpg","width":950,"height":633},{"@type":"BreadcrumbList","@id":"https:\/\/www.zienenergy.com\/tr\/certificates\/#breadcrumb","itemListElement":[{"@type":"ListItem","position":1,"name":"Home","item":"https:\/\/www.zienenergy.com\/tr\/"},{"@type":"ListItem","position":2,"name":"Sertifikalar"}]},{"@type":"WebSite","@id":"https:\/\/www.zienenergy.com\/tr\/#website","url":"https:\/\/www.zienenergy.com\/tr\/","name":"Zien Energy","description":"Zien Energy - Elektrikli Ara\u00e7 \u015earj \u0130stasyonlar\u0131 ve Enerji \u00c7\u00f6z\u00fcmleri","alternateName":"Zien Energy T\u00fcrkiye","potentialAction":[{"@type":"SearchAction","target":{"@type":"EntryPoint","urlTemplate":"https:\/\/www.zienenergy.com\/tr\/?s={search_term_string}"},"query-input":{"@type":"PropertyValueSpecification","valueRequired":true,"valueName":"search_term_string"}}],"inLanguage":"tr"}]}},"_links":{"self":[{"href":"https:\/\/www.zienenergy.com\/tr\/wp-json\/wp\/v2\/pages\/17677","targetHints":{"allow":["GET"]}}],"collection":[{"href":"https:\/\/www.zienenergy.com\/tr\/wp-json\/wp\/v2\/pages"}],"about":[{"href":"https:\/\/www.zienenergy.com\/tr\/wp-json\/wp\/v2\/types\/page"}],"author":[{"embeddable":true,"href":"https:\/\/www.zienenergy.com\/tr\/wp-json\/wp\/v2\/users\/1"}],"replies":[{"embeddable":true,"href":"https:\/\/www.zienenergy.com\/tr\/wp-json\/wp\/v2\/comments?post=17677"}],"version-history":[{"count":8,"href":"https:\/\/www.zienenergy.com\/tr\/wp-json\/wp\/v2\/pages\/17677\/revisions"}],"predecessor-version":[{"id":19992,"href":"https:\/\/www.zienenergy.com\/tr\/wp-json\/wp\/v2\/pages\/17677\/revisions\/19992"}],"wp:attachment":[{"href":"https:\/\/www.zienenergy.com\/tr\/wp-json\/wp\/v2\/media?parent=17677"}],"curies":[{"name":"wp","href":"https:\/\/api.w.org\/{rel}","templated":true}]}}