{"id":17515,"date":"2020-07-11T06:33:10","date_gmt":"2020-07-11T06:33:10","guid":{"rendered":"http:\/\/demo.creativesplanet.com\/greenly\/greenly-site1\/?page_id=17515"},"modified":"2025-03-02T09:57:35","modified_gmt":"2025-03-02T09:57:35","slug":"contact-us","status":"publish","type":"page","link":"https:\/\/www.zienenergy.com\/tr\/contact-us\/","title":{"rendered":"\u0130leti\u015fim"},"content":{"rendered":"\t\t<div data-elementor-type=\"wp-page\" data-elementor-id=\"17515\" class=\"elementor elementor-17515\">\n\t\t\t\t\t\t<section class=\"elementor-section elementor-top-section elementor-element elementor-element-e9a959a cspt-col-stretched-none cspt-bg-color-over-image elementor-section-boxed elementor-section-height-default elementor-section-height-default\" data-id=\"e9a959a\" data-element_type=\"section\">\n\t\t\t\t\t\t<div class=\"elementor-container elementor-column-gap-default\">\n\t\t\t\t\t<div class=\"elementor-column elementor-col-50 elementor-top-column elementor-element elementor-element-6374ad3 cspt-bg-color-over-image\" data-id=\"6374ad3\" data-element_type=\"column\">\n\t\t\t<div class=\"elementor-widget-wrap\">\n\t\t\t\t\t\t\t<\/div>\n\t\t<\/div>\n\t\t\t\t<div class=\"elementor-column elementor-col-50 elementor-top-column elementor-element elementor-element-cf255c8 cspt-bg-color-over-image\" data-id=\"cf255c8\" data-element_type=\"column\">\n\t\t\t<div class=\"elementor-widget-wrap\">\n\t\t\t\t\t\t\t<\/div>\n\t\t<\/div>\n\t\t\t\t\t<\/div>\n\t\t<\/section>\n\t\t\t\t<section class=\"elementor-section elementor-top-section elementor-element elementor-element-760e76b cspt-col-stretched-none cspt-bg-color-over-image elementor-section-boxed elementor-section-height-default elementor-section-height-default\" data-id=\"760e76b\" data-element_type=\"section\">\n\t\t\t\t\t\t<div class=\"elementor-container elementor-column-gap-default\">\n\t\t\t\t\t<div class=\"elementor-column elementor-col-50 elementor-top-column elementor-element elementor-element-ac29157 cspt-bg-color-over-image\" data-id=\"ac29157\" data-element_type=\"column\">\n\t\t\t<div class=\"elementor-widget-wrap elementor-element-populated\">\n\t\t\t\t\t\t<div class=\"elementor-element elementor-element-c363a2f elementor-position-left elementor-view-default elementor-mobile-position-top elementor-vertical-align-top elementor-widget elementor-widget-icon-box\" data-id=\"c363a2f\" data-element_type=\"widget\" data-widget_type=\"icon-box.default\">\n\t\t\t\t<div class=\"elementor-widget-container\">\n\t\t\t\t\t<div class=\"elementor-icon-box-wrapper\">\n\n\t\t\t\t\t\t<div class=\"elementor-icon-box-icon\">\n\t\t\t\t<span  class=\"elementor-icon elementor-animation-\">\n\t\t\t\t<i aria-hidden=\"true\" class=\"fas fa-map-marker-alt\"><\/i>\t\t\t\t<\/span>\n\t\t\t<\/div>\n\t\t\t\n\t\t\t\t\t\t<div class=\"elementor-icon-box-content\">\n\n\t\t\t\t\t\t\t\t\t<h3 class=\"elementor-icon-box-title\">\n\t\t\t\t\t\t<span  >\n\t\t\t\t\t\t\tADRES\t\t\t\t\t\t<\/span>\n\t\t\t\t\t<\/h3>\n\t\t\t\t\n\t\t\t\t\t\t\t\t\t<p class=\"elementor-icon-box-description\">\n\t\t\t\t\t\tBulgaristan Merkez: Preslav Street No 25A  Dyankovo, Razgrad  <br>\n <br>\nT\u00fcrkiye \u0130rtibat Ofisi: G\u00f6rece H\u00fcrriyet Mahallesi Ziya G\u00f6kalp Caddesi No:29\/16 Menderes-\u0130zmir<br>\n <br>\nBulgaristan Varna Ofis: Vladislav Varnenchik Bulvar\u0131, 7.Kat No:93\/19 Varna\n <br>\n <br>\nT\u00fcrkiye Showroom: Sancakl\u0131 \u0130\u011fdecik 8.Sokak No:19 \u015eehzadeler-Manisa \t\t\t\t\t<\/p>\n\t\t\t\t\n\t\t\t<\/div>\n\t\t\t\n\t\t<\/div>\n\t\t\t\t<\/div>\n\t\t\t\t<\/div>\n\t\t\t\t<div class=\"elementor-element elementor-element-fc07045 elementor-position-left elementor-view-default elementor-mobile-position-top elementor-vertical-align-top elementor-widget elementor-widget-icon-box\" data-id=\"fc07045\" data-element_type=\"widget\" data-widget_type=\"icon-box.default\">\n\t\t\t\t<div class=\"elementor-widget-container\">\n\t\t\t\t\t<div class=\"elementor-icon-box-wrapper\">\n\n\t\t\t\t\t\t<div class=\"elementor-icon-box-icon\">\n\t\t\t\t<span  class=\"elementor-icon elementor-animation-\">\n\t\t\t\t<i aria-hidden=\"true\" class=\"fas fa-phone-alt\"><\/i>\t\t\t\t<\/span>\n\t\t\t<\/div>\n\t\t\t\n\t\t\t\t\t\t<div class=\"elementor-icon-box-content\">\n\n\t\t\t\t\t\t\t\t\t<h3 class=\"elementor-icon-box-title\">\n\t\t\t\t\t\t<span  >\n\t\t\t\t\t\t\tTELEFON\t\t\t\t\t\t<\/span>\n\t\t\t\t\t<\/h3>\n\t\t\t\t\n\t\t\t\t\t\t\t\t\t<p class=\"elementor-icon-box-description\">\n\t\t\t\t\t\t<p><strong>Bulgaristan :<\/strong>  00359 8 82778120 <\/p>\n<p><strong>T\u00fcrkiye&nbsp; &nbsp;:<\/strong> 0090 530 8915658<\/p>\t\t\t\t\t<\/p>\n\t\t\t\t\n\t\t\t<\/div>\n\t\t\t\n\t\t<\/div>\n\t\t\t\t<\/div>\n\t\t\t\t<\/div>\n\t\t\t\t<div class=\"elementor-element elementor-element-7fd2af1 elementor-position-left elementor-view-default elementor-mobile-position-top elementor-vertical-align-top elementor-widget elementor-widget-icon-box\" data-id=\"7fd2af1\" data-element_type=\"widget\" data-widget_type=\"icon-box.default\">\n\t\t\t\t<div class=\"elementor-widget-container\">\n\t\t\t\t\t<div class=\"elementor-icon-box-wrapper\">\n\n\t\t\t\t\t\t<div class=\"elementor-icon-box-icon\">\n\t\t\t\t<span  class=\"elementor-icon elementor-animation-\">\n\t\t\t\t<i aria-hidden=\"true\" class=\"cspt-greenly-icon cspt-greenly-icon-email\"><\/i>\t\t\t\t<\/span>\n\t\t\t<\/div>\n\t\t\t\n\t\t\t\t\t\t<div class=\"elementor-icon-box-content\">\n\n\t\t\t\t\t\t\t\t\t<h3 class=\"elementor-icon-box-title\">\n\t\t\t\t\t\t<span  >\n\t\t\t\t\t\t\tEMAIL\t\t\t\t\t\t<\/span>\n\t\t\t\t\t<\/h3>\n\t\t\t\t\n\t\t\t\t\t\t\t\t\t<p class=\"elementor-icon-box-description\">\n\t\t\t\t\t\tinfo@zienenergy.com\t\t\t\t\t<\/p>\n\t\t\t\t\n\t\t\t<\/div>\n\t\t\t\n\t\t<\/div>\n\t\t\t\t<\/div>\n\t\t\t\t<\/div>\n\t\t\t\t\t<\/div>\n\t\t<\/div>\n\t\t\t\t<div class=\"elementor-column elementor-col-50 elementor-top-column elementor-element elementor-element-8f10988 cspt-bg-color-over-image\" data-id=\"8f10988\" data-element_type=\"column\">\n\t\t\t<div class=\"elementor-widget-wrap elementor-element-populated\">\n\t\t\t\t\t\t<div class=\"elementor-element elementor-element-b4228ea elementor-widget elementor-widget-shortcode\" data-id=\"b4228ea\" data-element_type=\"widget\" data-widget_type=\"shortcode.default\">\n\t\t\t\t<div class=\"elementor-widget-container\">\n\t\t\t\t\t<div class=\"elementor-shortcode\">\n<div class=\"wpcf7 no-js\" id=\"wpcf7-f7-o1\" lang=\"en-US\" dir=\"ltr\" data-wpcf7-id=\"7\">\n<div class=\"screen-reader-response\"><p role=\"status\" aria-live=\"polite\" aria-atomic=\"true\"><\/p> <ul><\/ul><\/div>\n<form action=\"\/tr\/wp-json\/wp\/v2\/pages\/17515#wpcf7-f7-o1\" method=\"post\" class=\"wpcf7-form init\" aria-label=\"Contact form\" novalidate=\"novalidate\" data-status=\"init\">\n<div style=\"display: none;\">\n<input type=\"hidden\" name=\"_wpcf7\" value=\"7\" \/>\n<input type=\"hidden\" name=\"_wpcf7_version\" value=\"6.0\" \/>\n<input type=\"hidden\" name=\"_wpcf7_locale\" value=\"en_US\" \/>\n<input type=\"hidden\" name=\"_wpcf7_unit_tag\" value=\"wpcf7-f7-o1\" \/>\n<input type=\"hidden\" name=\"_wpcf7_container_post\" value=\"0\" \/>\n<input type=\"hidden\" name=\"_wpcf7_posted_data_hash\" value=\"\" \/>\n<\/div>\n<p><label> Ad\u0131n\u0131z Soyad\u0131n\u0131z<br \/>\n<span class=\"wpcf7-form-control-wrap\" data-name=\"your-name\"><input size=\"40\" maxlength=\"400\" class=\"wpcf7-form-control wpcf7-text wpcf7-validates-as-required\" aria-required=\"true\" aria-invalid=\"false\" value=\"\" type=\"text\" name=\"your-name\" \/><\/span> <\/label>\n<\/p>\n<p><label> E-mail<br \/>\n<span class=\"wpcf7-form-control-wrap\" data-name=\"your-email\"><input size=\"40\" maxlength=\"400\" class=\"wpcf7-form-control wpcf7-email wpcf7-validates-as-required wpcf7-text wpcf7-validates-as-email\" aria-required=\"true\" aria-invalid=\"false\" value=\"\" type=\"email\" name=\"your-email\" \/><\/span> <\/label>\n<\/p>\n<p><label> Telefon<br \/>\n<span class=\"wpcf7-form-control-wrap\" data-name=\"your-phone\"><input size=\"40\" maxlength=\"400\" class=\"wpcf7-form-control wpcf7-tel wpcf7-validates-as-required wpcf7-text wpcf7-validates-as-tel\" aria-required=\"true\" aria-invalid=\"false\" value=\"\" type=\"tel\" name=\"your-phone\" \/><\/span> <\/label>\n<\/p>\n<p><label> Konu<br \/>\n<span class=\"wpcf7-form-control-wrap\" data-name=\"your-subject\"><input size=\"40\" maxlength=\"400\" class=\"wpcf7-form-control wpcf7-text wpcf7-validates-as-required\" aria-required=\"true\" aria-invalid=\"false\" value=\"\" type=\"text\" name=\"your-subject\" \/><\/span> <\/label>\n<\/p>\n<p><label> Mesaj\u0131n\u0131z (opsiyonel)<br \/>\n<span class=\"wpcf7-form-control-wrap\" data-name=\"your-message\"><textarea cols=\"40\" rows=\"10\" maxlength=\"2000\" class=\"wpcf7-form-control wpcf7-textarea\" aria-invalid=\"false\" name=\"your-message\"><\/textarea><\/span> <\/label>\n<\/p>\n<p><input class=\"wpcf7-form-control wpcf7-submit has-spinner\" type=\"submit\" value=\"G\u00f6nder\" \/>\n<\/p><p style=\"display: none !important;\" class=\"akismet-fields-container\" data-prefix=\"_wpcf7_ak_\"><label>&#916;<textarea name=\"_wpcf7_ak_hp_textarea\" cols=\"45\" rows=\"8\" maxlength=\"100\"><\/textarea><\/label><input type=\"hidden\" id=\"ak_js_1\" name=\"_wpcf7_ak_js\" value=\"234\"\/><script>document.getElementById( \"ak_js_1\" ).setAttribute( \"value\", ( new Date() ).getTime() );<\/script><\/p><div class=\"wpcf7-response-output\" aria-hidden=\"true\"><\/div>\n<\/form>\n<\/div>\n<\/div>\n\t\t\t\t<\/div>\n\t\t\t\t<\/div>\n\t\t\t\t\t<\/div>\n\t\t<\/div>\n\t\t\t\t\t<\/div>\n\t\t<\/section>\n\t\t\t\t<\/div>\n\t\t","protected":false},"excerpt":{"rendered":"<p>ADRES Bulgaristan Merkez: Preslav Street No 25A Dyankovo, Razgrad T\u00fcrkiye \u0130rtibat Ofisi: G\u00f6rece H\u00fcrriyet Mahallesi Ziya G\u00f6kalp Caddesi No:29\/16 Menderes-\u0130zmir Bulgaristan Varna Ofis: Vladislav Varnenchik Bulvar\u0131, 7.Kat No:93\/19 Varna T\u00fcrkiye Showroom: Sancakl\u0131 \u0130\u011fdecik 8.Sokak No:19 \u015eehzadeler-Manisa TELEFON Bulgaristan : 00359 8 82778120 T\u00fcrkiye&nbsp; &nbsp;: 0090 530 8915658 EMAIL info@zienenergy.com<\/p>\n","protected":false},"author":1,"featured_media":0,"parent":0,"menu_order":13,"comment_status":"closed","ping_status":"closed","template":"elementor_header_footer","meta":{"footnotes":""},"class_list":["post-17515","page","type-page","status-publish","hentry"],"yoast_head":"<!-- This site is optimized with the Yoast SEO plugin v23.9 - https:\/\/yoast.com\/wordpress\/plugins\/seo\/ -->\n<title>\u0130leti\u015fim | Tesla Wall Connector Yetkili Montaj ve Kurulum Uzman\u0131 | ZIEN Energy<\/title>\n<meta name=\"description\" content=\"Tesla Wall Connector Sat\u0131\u015f, montaj ve kurulum hizmetleri i\u00e7in ZIEN Energy ile ileti\u015fime ge\u00e7in.\" \/>\n<meta name=\"robots\" content=\"index, follow, max-snippet:-1, max-image-preview:large, max-video-preview:-1\" \/>\n<link rel=\"canonical\" href=\"https:\/\/www.zienenergy.com\/tr\/contact-us\/\" \/>\n<meta property=\"og:locale\" content=\"tr_TR\" \/>\n<meta property=\"og:type\" content=\"article\" \/>\n<meta property=\"og:title\" content=\"\u0130leti\u015fim | Tesla Wall Connector Yetkili Montaj ve Kurulum Uzman\u0131 | ZIEN Energy\" \/>\n<meta property=\"og:description\" content=\"Tesla Wall Connector Sat\u0131\u015f, montaj ve kurulum hizmetleri i\u00e7in ZIEN Energy ile ileti\u015fime ge\u00e7in.\" \/>\n<meta property=\"og:url\" content=\"https:\/\/www.zienenergy.com\/tr\/contact-us\/\" \/>\n<meta property=\"og:site_name\" content=\"Zien Energy tr\" \/>\n<meta property=\"article:publisher\" content=\"https:\/\/www.facebook.com\/profile.php?id=61581373037569\" \/>\n<meta property=\"article:modified_time\" content=\"2025-03-02T09:57:35+00:00\" \/>\n<meta name=\"twitter:card\" content=\"summary_large_image\" \/>\n<meta name=\"twitter:site\" content=\"@Zien_Energy\" \/>\n<script type=\"application\/ld+json\" class=\"yoast-schema-graph\">{\"@context\":\"https:\/\/schema.org\",\"@graph\":[{\"@type\":\"WebPage\",\"@id\":\"https:\/\/www.zienenergy.com\/tr\/contact-us\/\",\"url\":\"https:\/\/www.zienenergy.com\/tr\/contact-us\/\",\"name\":\"\u0130leti\u015fim | Tesla Wall Connector Yetkili Montaj ve Kurulum Uzman\u0131 | ZIEN Energy\",\"isPartOf\":{\"@id\":\"https:\/\/www.zienenergy.com\/tr\/#website\"},\"datePublished\":\"2020-07-11T06:33:10+00:00\",\"dateModified\":\"2025-03-02T09:57:35+00:00\",\"description\":\"Tesla Wall Connector Sat\u0131\u015f, montaj ve kurulum hizmetleri i\u00e7in ZIEN Energy ile ileti\u015fime ge\u00e7in.\",\"breadcrumb\":{\"@id\":\"https:\/\/www.zienenergy.com\/tr\/contact-us\/#breadcrumb\"},\"inLanguage\":\"tr\",\"potentialAction\":[{\"@type\":\"ReadAction\",\"target\":[\"https:\/\/www.zienenergy.com\/tr\/contact-us\/\"]}]},{\"@type\":\"BreadcrumbList\",\"@id\":\"https:\/\/www.zienenergy.com\/tr\/contact-us\/#breadcrumb\",\"itemListElement\":[{\"@type\":\"ListItem\",\"position\":1,\"name\":\"Home\",\"item\":\"https:\/\/www.zienenergy.com\/tr\/\"},{\"@type\":\"ListItem\",\"position\":2,\"name\":\"\u0130leti\u015fim\"}]},{\"@type\":\"WebSite\",\"@id\":\"https:\/\/www.zienenergy.com\/tr\/#website\",\"url\":\"https:\/\/www.zienenergy.com\/tr\/\",\"name\":\"Zien Energy\",\"description\":\"Zien Energy - Elektrikli Ara\u00e7 \u015earj \u0130stasyonlar\u0131 ve Enerji \u00c7\u00f6z\u00fcmleri\",\"alternateName\":\"Zien Energy T\u00fcrkiye\",\"potentialAction\":[{\"@type\":\"SearchAction\",\"target\":{\"@type\":\"EntryPoint\",\"urlTemplate\":\"https:\/\/www.zienenergy.com\/tr\/?s={search_term_string}\"},\"query-input\":{\"@type\":\"PropertyValueSpecification\",\"valueRequired\":true,\"valueName\":\"search_term_string\"}}],\"inLanguage\":\"tr\"}]}<\/script>\n<!-- \/ Yoast SEO plugin. -->","yoast_head_json":{"title":"\u0130leti\u015fim | Tesla Wall Connector Yetkili Montaj ve Kurulum Uzman\u0131 | ZIEN Energy","description":"Tesla Wall Connector Sat\u0131\u015f, montaj ve kurulum hizmetleri i\u00e7in ZIEN Energy ile ileti\u015fime ge\u00e7in.","robots":{"index":"index","follow":"follow","max-snippet":"max-snippet:-1","max-image-preview":"max-image-preview:large","max-video-preview":"max-video-preview:-1"},"canonical":"https:\/\/www.zienenergy.com\/tr\/contact-us\/","og_locale":"tr_TR","og_type":"article","og_title":"\u0130leti\u015fim | Tesla Wall Connector Yetkili Montaj ve Kurulum Uzman\u0131 | ZIEN Energy","og_description":"Tesla Wall Connector Sat\u0131\u015f, montaj ve kurulum hizmetleri i\u00e7in ZIEN Energy ile ileti\u015fime ge\u00e7in.","og_url":"https:\/\/www.zienenergy.com\/tr\/contact-us\/","og_site_name":"Zien Energy tr","article_publisher":"https:\/\/www.facebook.com\/profile.php?id=61581373037569","article_modified_time":"2025-03-02T09:57:35+00:00","twitter_card":"summary_large_image","twitter_site":"@Zien_Energy","schema":{"@context":"https:\/\/schema.org","@graph":[{"@type":"WebPage","@id":"https:\/\/www.zienenergy.com\/tr\/contact-us\/","url":"https:\/\/www.zienenergy.com\/tr\/contact-us\/","name":"\u0130leti\u015fim | Tesla Wall Connector Yetkili Montaj ve Kurulum Uzman\u0131 | ZIEN Energy","isPartOf":{"@id":"https:\/\/www.zienenergy.com\/tr\/#website"},"datePublished":"2020-07-11T06:33:10+00:00","dateModified":"2025-03-02T09:57:35+00:00","description":"Tesla Wall Connector Sat\u0131\u015f, montaj ve kurulum hizmetleri i\u00e7in ZIEN Energy ile ileti\u015fime ge\u00e7in.","breadcrumb":{"@id":"https:\/\/www.zienenergy.com\/tr\/contact-us\/#breadcrumb"},"inLanguage":"tr","potentialAction":[{"@type":"ReadAction","target":["https:\/\/www.zienenergy.com\/tr\/contact-us\/"]}]},{"@type":"BreadcrumbList","@id":"https:\/\/www.zienenergy.com\/tr\/contact-us\/#breadcrumb","itemListElement":[{"@type":"ListItem","position":1,"name":"Home","item":"https:\/\/www.zienenergy.com\/tr\/"},{"@type":"ListItem","position":2,"name":"\u0130leti\u015fim"}]},{"@type":"WebSite","@id":"https:\/\/www.zienenergy.com\/tr\/#website","url":"https:\/\/www.zienenergy.com\/tr\/","name":"Zien Energy","description":"Zien Energy - Elektrikli Ara\u00e7 \u015earj \u0130stasyonlar\u0131 ve Enerji \u00c7\u00f6z\u00fcmleri","alternateName":"Zien Energy T\u00fcrkiye","potentialAction":[{"@type":"SearchAction","target":{"@type":"EntryPoint","urlTemplate":"https:\/\/www.zienenergy.com\/tr\/?s={search_term_string}"},"query-input":{"@type":"PropertyValueSpecification","valueRequired":true,"valueName":"search_term_string"}}],"inLanguage":"tr"}]}},"_links":{"self":[{"href":"https:\/\/www.zienenergy.com\/tr\/wp-json\/wp\/v2\/pages\/17515","targetHints":{"allow":["GET"]}}],"collection":[{"href":"https:\/\/www.zienenergy.com\/tr\/wp-json\/wp\/v2\/pages"}],"about":[{"href":"https:\/\/www.zienenergy.com\/tr\/wp-json\/wp\/v2\/types\/page"}],"author":[{"embeddable":true,"href":"https:\/\/www.zienenergy.com\/tr\/wp-json\/wp\/v2\/users\/1"}],"replies":[{"embeddable":true,"href":"https:\/\/www.zienenergy.com\/tr\/wp-json\/wp\/v2\/comments?post=17515"}],"version-history":[{"count":43,"href":"https:\/\/www.zienenergy.com\/tr\/wp-json\/wp\/v2\/pages\/17515\/revisions"}],"predecessor-version":[{"id":20304,"href":"https:\/\/www.zienenergy.com\/tr\/wp-json\/wp\/v2\/pages\/17515\/revisions\/20304"}],"wp:attachment":[{"href":"https:\/\/www.zienenergy.com\/tr\/wp-json\/wp\/v2\/media?parent=17515"}],"curies":[{"name":"wp","href":"https:\/\/api.w.org\/{rel}","templated":true}]}}