{"id":17376,"date":"2020-07-11T04:03:25","date_gmt":"2020-07-11T04:03:25","guid":{"rendered":"http:\/\/demo.creativesplanet.com\/greenly\/greenly-site1\/?page_id=17376"},"modified":"2024-12-19T13:30:17","modified_gmt":"2024-12-19T13:30:17","slug":"about-us","status":"publish","type":"page","link":"https:\/\/www.zienenergy.com\/tr\/about-us\/","title":{"rendered":"Hakk\u0131m\u0131zda"},"content":{"rendered":"\t\t<div data-elementor-type=\"wp-page\" data-elementor-id=\"17376\" class=\"elementor elementor-17376\">\n\t\t\t\t\t\t<section class=\"elementor-section elementor-top-section elementor-element elementor-element-c5b6fd1 cspt-col-stretched-both elementor-section-content-middle elementor-section-stretched cspt-left-col-stretched-content-yes cspt-bg-color-over-image elementor-section-boxed elementor-section-height-default elementor-section-height-default\" data-id=\"c5b6fd1\" data-element_type=\"section\" data-settings=\"{&quot;stretch_section&quot;:&quot;section-stretched&quot;,&quot;background_background&quot;:&quot;classic&quot;}\">\n\t\t\t\t\t\t<div class=\"elementor-container elementor-column-gap-default\">\n\t\t\t\t\t<div class=\"elementor-column elementor-col-50 elementor-top-column elementor-element elementor-element-e41f71c cspt-bg-color-yes cspt-elementor-bg-color-light cspt-bg-color-over-image\" data-id=\"e41f71c\" data-element_type=\"column\" data-settings=\"{&quot;background_background&quot;:&quot;gradient&quot;}\">\n\t\t\t<div class=\"elementor-widget-wrap elementor-element-populated\">\n\t\t\t\t\t\t<div class=\"elementor-element elementor-element-7b015f4 elementor-widget elementor-widget-image\" data-id=\"7b015f4\" data-element_type=\"widget\" data-widget_type=\"image.default\">\n\t\t\t\t<div class=\"elementor-widget-container\">\n\t\t\t\t\t\t\t\t\t\t\t\t\t<img fetchpriority=\"high\" decoding=\"async\" width=\"847\" height=\"513\" src=\"https:\/\/www.zienenergy.com\/tr\/wp-content\/uploads\/2024\/12\/Tesla-Approved-Wall-Connector-Logo-Black-1.png\" class=\"attachment-large size-large wp-image-20160\" alt=\"\" data-id=\"20160\" \/>\t\t\t\t\t\t\t\t\t\t\t\t\t<\/div>\n\t\t\t\t<\/div>\n\t\t\t\t\t<\/div>\n\t\t<\/div>\n\t\t\t\t<div class=\"elementor-column elementor-col-50 elementor-top-column elementor-element elementor-element-1db3f49 cspt-bg-color-yes cspt-elementor-bg-color-light cspt-bg-color-over-image\" data-id=\"1db3f49\" data-element_type=\"column\" data-settings=\"{&quot;background_background&quot;:&quot;gradient&quot;}\">\n\t\t\t<div class=\"elementor-widget-wrap elementor-element-populated\">\n\t\t\t\t\t\t<div class=\"elementor-element elementor-element-77ae55f elementor-widget elementor-widget-heading\" data-id=\"77ae55f\" data-element_type=\"widget\" data-widget_type=\"heading.default\">\n\t\t\t\t<div class=\"elementor-widget-container\">\n\t\t\t<h2 class=\"elementor-heading-title elementor-size-default\">ZIEN ENERGY HAKKINDA<\/h2>\t\t<\/div>\n\t\t\t\t<\/div>\n\t\t\t\t<div class=\"elementor-element elementor-element-e4dc031 elementor-widget elementor-widget-text-editor\" data-id=\"e4dc031\" data-element_type=\"widget\" data-widget_type=\"text-editor.default\">\n\t\t\t\t<div class=\"elementor-widget-container\">\n\t\t\t\t\t\t\t<p>ZIEN Energy olarak, Elektrikli Ara\u00e7 \u015earj \u0130stasyonlar\u0131, Arazi Tipi Ve \u00c7at\u0131 \u00dcst\u00fc Anahtar Teslim G\u00fcne\u015f Enerjisi Sistemleri Kuruyoruz. 2013 y\u0131l\u0131ndan bu yana enerji denetimleri, s\u00fcrd\u00fcr\u00fclebilirlik \u00e7al\u0131\u015fmalar\u0131 ve yenilenebilir enerji konular\u0131nda deneyime sahibiyiz ve 2023 Y\u0131l\u0131ndan Bu Yana T\u00fcrkiye ve Bulgaristan\u2019da Tesla Kurulum Yetkilisiyiz. Elektrikli Ara\u00e7 \u015earj \u0130stasyonlar\u0131 ve Fotovoltaik enerji sekt\u00f6r\u00fcndeki deneyimimiz, m\u00fc\u015fteri odakl\u0131 hizmet anlay\u0131\u015f\u0131m\u0131z ve tecr\u00fcbeli kadromuz ile en g\u00fc\u00e7l\u00fc \u015firketlerden biriyiz. \u00dcr\u00fcn ve hizmetlerimizin uluslararas\u0131 kalite ve standartlara sahip olmas\u0131na b\u00fcy\u00fck \u00f6nem veriyoruz.<\/p>\t\t\t\t\t\t<\/div>\n\t\t\t\t<\/div>\n\t\t\t\t\t<\/div>\n\t\t<\/div>\n\t\t\t\t\t<\/div>\n\t\t<\/section>\n\t\t\t\t<section class=\"elementor-section elementor-top-section elementor-element elementor-element-b8afaf4 cspt-col-stretched-both elementor-section-content-middle elementor-section-stretched cspt-left-col-stretched-content-yes cspt-bg-color-over-image elementor-section-boxed elementor-section-height-default elementor-section-height-default\" data-id=\"b8afaf4\" data-element_type=\"section\" data-settings=\"{&quot;stretch_section&quot;:&quot;section-stretched&quot;}\">\n\t\t\t\t\t\t<div class=\"elementor-container elementor-column-gap-default\">\n\t\t\t\t\t<div class=\"elementor-column elementor-col-50 elementor-top-column elementor-element elementor-element-81f0d1f elementor-hidden-tablet elementor-hidden-phone cspt-bg-image-over-color\" data-id=\"81f0d1f\" data-element_type=\"column\" data-settings=\"{&quot;background_background&quot;:&quot;classic&quot;}\">\n\t\t\t<div class=\"elementor-widget-wrap elementor-element-populated\">\n\t\t\t\t\t\t<div class=\"elementor-element elementor-element-457f6fa elementor-widget elementor-widget-text-editor\" data-id=\"457f6fa\" data-element_type=\"widget\" data-widget_type=\"text-editor.default\">\n\t\t\t\t<div class=\"elementor-widget-container\">\n\t\t\t\t\t\t\t<div class=\"flex-shrink-0 flex flex-col relative items-end\"><div><div class=\"pt-0.5 juice:pt-0\"><div class=\"gizmo-bot-avatar flex h-6 w-6 items-center justify-center overflow-hidden rounded-full juice:h-8 juice:w-8\"><div class=\"relative p-1 rounded-sm flex items-center justify-center bg-token-main-surface-primary text-token-text-primary h-8 w-8\">\u00a0<\/div><\/div><\/div><\/div><\/div><div class=\"group\/conversation-turn relative flex w-full min-w-0 flex-col agent-turn\"><div class=\"flex-col gap-1 md:gap-3\"><div class=\"flex flex-grow flex-col max-w-full\"><div class=\"min-h-[20px] text-message flex flex-col items-start whitespace-pre-wrap break-words [.text-message+&amp;]:mt-5 juice:w-full juice:items-end overflow-x-auto gap-2\" dir=\"auto\" data-message-author-role=\"assistant\" data-message-id=\"103e93e8-b75d-4aba-8c61-0aa6f43b4015\"><div class=\"flex w-full flex-col gap-1 juice:empty:hidden juice:first:pt-[3px]\"><div class=\"markdown prose w-full break-words dark:prose-invert light\"><p>G\u00fcne\u015fi enerji kayna\u011f\u0131 olarak kullanman\u0131n ve elektri\u011fe d\u00f6n\u00fc\u015ft\u00fcrmenin bir maliyeti olsa da, G\u00fcne\u015f&#8217;ten gelen enerji s\u0131n\u0131rs\u0131zd\u0131r. G\u00fcn\u00fcm\u00fczde insanlar\u0131n ya\u015fam tarzlar\u0131n\u0131 s\u00fcrd\u00fcrebilmeleri i\u00e7in gerekli olan enerji miktar\u0131 yakla\u015f\u0131k 13 terawatt (TW) d\u00fczeyindedir. \u0130leriye d\u00f6n\u00fck projeksiyonlara g\u00f6re, 2050 y\u0131l\u0131na kadar insanl\u0131\u011f\u0131n enerji talebi bug\u00fcnk\u00fcnden 10 terawatt daha fazla olacakt\u0131r. D\u00fcnyadaki toplam r\u00fczgar enerjisi potansiyeli yakla\u015f\u0131k 2-4 TW, hidroelektrik enerji kayna\u011f\u0131 0.5TW, jeotermal enerji kayna\u011f\u0131 12TW, gelgit ve okyanus ak\u0131nt\u0131lar\u0131ndan elde edilebilecek enerji miktar\u0131 2TW ve d\u00fcnyada kullan\u0131labilir G\u00fcne\u015f Enerjisi miktar\u0131 ise 120.000 TW&#8217;dir. Bu veriler, G\u00fcne\u015f Enerjisi kullan\u0131m\u0131n\u0131n \u00f6nemini g\u00f6stermektedir.<\/p><p>Geli\u015fmi\u015f \u00fclkeler, \u00f6zellikle r\u00fczgar ve G\u00fcne\u015f Enerjisi kullan\u0131m\u0131na y\u00f6nelik enerji d\u00f6n\u00fc\u015f\u00fcm \u00e7abalar\u0131na yenilerini eklemektedir. D\u00fcnyan\u0131n, \u00e7evre dostu, s\u00fcrd\u00fcr\u00fclebilir, kaliteli ve yeterli enerji arz\u0131 ile kalk\u0131nma hedeflerine ula\u015fabilece\u011finin fark\u0131nday\u0131z. Bu hedefleri g\u00f6z \u00f6n\u00fcnde bulundurarak, 2013 y\u0131l\u0131nda ara\u015ft\u0131rma ve geli\u015ftirme faaliyetleri ile ba\u015flad\u0131\u011f\u0131m\u0131z yolculu\u011fumuza, kazand\u0131\u011f\u0131m\u0131z deneyim ve uzman kadromuz ile devam ediyoruz.<\/p><\/div><\/div><\/div><\/div><\/div><\/div>\t\t\t\t\t\t<\/div>\n\t\t\t\t<\/div>\n\t\t\t\t\t<\/div>\n\t\t<\/div>\n\t\t\t\t<div class=\"elementor-column elementor-col-50 elementor-top-column elementor-element elementor-element-9a36dd4 cspt-bg-color-yes cspt-elementor-bg-color-white cspt-bg-color-over-image\" data-id=\"9a36dd4\" data-element_type=\"column\" data-settings=\"{&quot;background_background&quot;:&quot;classic&quot;}\">\n\t\t\t<div class=\"elementor-widget-wrap elementor-element-populated\">\n\t\t\t\t\t\t<div class=\"elementor-element elementor-element-3a7c2f1 elementor-widget elementor-widget-image\" data-id=\"3a7c2f1\" data-element_type=\"widget\" data-widget_type=\"image.default\">\n\t\t\t\t<div class=\"elementor-widget-container\">\n\t\t\t\t\t\t\t\t\t\t\t\t\t<img decoding=\"async\" width=\"1920\" height=\"1440\" src=\"https:\/\/www.zienenergy.com\/tr\/wp-content\/uploads\/2022\/06\/pexels-pixabay-159160.jpg\" class=\"attachment-2048x2048 size-2048x2048 wp-image-18823\" alt=\"\" srcset=\"https:\/\/www.zienenergy.com\/tr\/wp-content\/uploads\/2022\/06\/pexels-pixabay-159160.jpg 1920w, https:\/\/www.zienenergy.com\/tr\/wp-content\/uploads\/2022\/06\/pexels-pixabay-159160-600x450.jpg 600w, https:\/\/www.zienenergy.com\/tr\/wp-content\/uploads\/2022\/06\/pexels-pixabay-159160-300x225.jpg 300w, https:\/\/www.zienenergy.com\/tr\/wp-content\/uploads\/2022\/06\/pexels-pixabay-159160-1024x768.jpg 1024w, https:\/\/www.zienenergy.com\/tr\/wp-content\/uploads\/2022\/06\/pexels-pixabay-159160-768x576.jpg 768w, https:\/\/www.zienenergy.com\/tr\/wp-content\/uploads\/2022\/06\/pexels-pixabay-159160-1536x1152.jpg 1536w, https:\/\/www.zienenergy.com\/tr\/wp-content\/uploads\/2022\/06\/pexels-pixabay-159160-770x578.jpg 770w\" sizes=\"(max-width: 1920px) 100vw, 1920px\" data-id=\"18823\" \/>\t\t\t\t\t\t\t\t\t\t\t\t\t<\/div>\n\t\t\t\t<\/div>\n\t\t\t\t\t<\/div>\n\t\t<\/div>\n\t\t\t\t\t<\/div>\n\t\t<\/section>\n\t\t\t\t<section class=\"elementor-section elementor-top-section elementor-element elementor-element-8aa4baf cspt-bg-color-yes cspt-elementor-bg-color-white cspt-col-stretched-none cspt-bg-color-over-image elementor-section-boxed elementor-section-height-default elementor-section-height-default\" data-id=\"8aa4baf\" data-element_type=\"section\">\n\t\t\t\t\t\t<div class=\"elementor-container elementor-column-gap-no\">\n\t\t\t\t\t<div class=\"elementor-column elementor-col-100 elementor-top-column elementor-element elementor-element-837840b cspt-bg-color-over-image\" data-id=\"837840b\" data-element_type=\"column\">\n\t\t\t<div class=\"elementor-widget-wrap elementor-element-populated\">\n\t\t\t\t\t\t<div class=\"elementor-element elementor-element-0950ee0 cspt-align-center elementor-widget elementor-widget-cspt_heading\" data-id=\"0950ee0\" data-element_type=\"widget\" data-widget_type=\"cspt_heading.default\">\n\t\t\t\t<div class=\"elementor-widget-container\">\n\t\t\t\t<div class=\"cspt-heading-subheading center-align cspt-reverse-heading-yes\"><h4 class=\"cspt-element-subtitle\">\n\t\t\t\n\t\t\t\tZIEN ENERGY\n\t\t\t\n\t\t\t<\/h4>\n\t\t<h2 class=\"cspt-element-title\">\n\t\t\t\n\t\t\t\tB\u0130R ENERJ\u0130 \u015e\u0130RKET\u0130NDEN <strong>DAHA FAZLASI<\/strong>\n\t\t\t\n\t\t\t<\/h2>\n\t\t<\/div>\t\t<\/div>\n\t\t\t\t<\/div>\n\t\t\t\t<section class=\"elementor-section elementor-inner-section elementor-element elementor-element-ed6b7cc cspt-col-stretched-none cspt-bg-color-over-image elementor-section-boxed elementor-section-height-default elementor-section-height-default\" data-id=\"ed6b7cc\" data-element_type=\"section\">\n\t\t\t\t\t\t<div class=\"elementor-container elementor-column-gap-default\">\n\t\t\t\t\t<div class=\"elementor-column elementor-col-50 elementor-inner-column elementor-element elementor-element-8de5f2d cspt-bg-color-over-image\" data-id=\"8de5f2d\" data-element_type=\"column\">\n\t\t\t<div class=\"elementor-widget-wrap elementor-element-populated\">\n\t\t\t\t\t\t<div class=\"elementor-element elementor-element-bcf02d9 elementor-widget elementor-widget-cspt_icon_heading\" data-id=\"bcf02d9\" data-element_type=\"widget\" data-widget_type=\"cspt_icon_heading.default\">\n\t\t\t\t<div class=\"elementor-widget-container\">\n\t\t\t<div  class=\"cspt-ihbox cspt-ihbox-style-4 \" >\r\n\t<div class=\"cspt-ihbox-contents\">\r\n\t\t<div class=\"cspt-ihbox-headingicon d-flex\">\r\n\t\t\t<div class=\"cspt-ihbox-icon\"><div class=\"cspt-ihbox-icon-wrapper\"><i class=\"cspt-greenly-icon cspt-greenly-icon-solar-panel\"><\/i><\/div><\/div>\t\t\t<div class=\"cspt-ihbox-contents\">\r\n\t\t\t\t<h2 class=\"cspt-element-title\">\n\t\t\t\t\t\n\t\t\t\t\t\tM\u0130SYONUMUZ\n\t\t\t\t\t\n\t\t\t\t\t<\/h2>\n\t\t\t\t\t\t\t\t\t\t\t\t<div class=\"cspt-heading-desc\">ZIEN Energy olarak misyonumuz, G\u00fcne\u015f Enerjisini birincil enerji kayna\u011f\u0131na d\u00f6n\u00fc\u015ft\u00fcrmek i\u00e7in ham madde fiyatlar\u0131n\u0131 d\u00fc\u015f\u00fcrmeye y\u00f6nelik sundu\u011fumuz i\u015flevsellikle bireylerin ya\u015fam kalitesini art\u0131rmak, fosil enerji kaynaklar\u0131yla rekabet edebilir hale getirmek ve Avrupa'da ve D\u00fcnyada y\u00fcksek standartlar\u0131n olu\u015fmas\u0131na sekt\u00f6re katk\u0131da bulunmakt\u0131r.<\/div>\t\t\t\t\t\t\t<\/div><!-- .cspt-ihbox-contents -->\r\n\t\t<\/div>\r\n\t<\/div>\r\n<\/div>\r\n\r\n\t\t<\/div>\n\t\t\t\t<\/div>\n\t\t\t\t\t<\/div>\n\t\t<\/div>\n\t\t\t\t<div class=\"elementor-column elementor-col-50 elementor-inner-column elementor-element elementor-element-e5c9317 cspt-bg-color-over-image\" data-id=\"e5c9317\" data-element_type=\"column\">\n\t\t\t<div class=\"elementor-widget-wrap elementor-element-populated\">\n\t\t\t\t\t\t<div class=\"elementor-element elementor-element-1a6a540 elementor-widget elementor-widget-cspt_icon_heading\" data-id=\"1a6a540\" data-element_type=\"widget\" data-widget_type=\"cspt_icon_heading.default\">\n\t\t\t\t<div class=\"elementor-widget-container\">\n\t\t\t<div  class=\"cspt-ihbox cspt-ihbox-style-4 \" >\r\n\t<div class=\"cspt-ihbox-contents\">\r\n\t\t<div class=\"cspt-ihbox-headingicon d-flex\">\r\n\t\t\t<div class=\"cspt-ihbox-icon\"><div class=\"cspt-ihbox-icon-wrapper\"><i class=\"cspt-greenly-icon cspt-greenly-icon-solar-panel-1\"><\/i><\/div><\/div>\t\t\t<div class=\"cspt-ihbox-contents\">\r\n\t\t\t\t<h2 class=\"cspt-element-title\">\n\t\t\t\t\t\n\t\t\t\t\t\tV\u0130ZYONUMUZ\n\t\t\t\t\t\n\t\t\t\t\t<\/h2>\n\t\t\t\t\t\t\t\t\t\t\t\t<div class=\"cspt-heading-desc\">Vizyonumuz, G\u00fcne\u015f Enerjisini birincil enerji kayna\u011f\u0131 haline getirme d\u00f6n\u00fc\u015f\u00fcm\u00fcne \u00f6nc\u00fcl\u00fck etmek, b\u00f6lgenizi enerjide ba\u011f\u0131ms\u0131z hale getirmek ve kalitemizi s\u00fcrekli art\u0131rarak yenilik\u00e7i sonu\u00e7lar elde etmektir. Enerjinin bir ihtiya\u00e7tan ziyade varolu\u015f meselesine d\u00f6n\u00fc\u015ft\u00fc\u011f\u00fcn\u00fcn fark\u0131nday\u0131z. Gelece\u011fimiz i\u00e7in daha iyi bir d\u00fcnya b\u0131rakma sorumlulu\u011funu \u00fcstleniyoruz. \u0130nsanlara ve \u00e7evreye olan sayg\u0131m\u0131z \u00e7er\u00e7evesinde, kurulu\u015fumuzdan bu yana bir\u00e7ok projeyi ve farkl\u0131 g\u00fc\u00e7lerdeki sistemleri tamamlam\u0131\u015f olman\u0131n gururunu ya\u015f\u0131yoruz.<\/div>\t\t\t\t\t\t\t<\/div><!-- .cspt-ihbox-contents -->\r\n\t\t<\/div>\r\n\t<\/div>\r\n<\/div>\r\n\r\n\t\t<\/div>\n\t\t\t\t<\/div>\n\t\t\t\t\t<\/div>\n\t\t<\/div>\n\t\t\t\t\t<\/div>\n\t\t<\/section>\n\t\t\t\t\t<\/div>\n\t\t<\/div>\n\t\t\t\t\t<\/div>\n\t\t<\/section>\n\t\t\t\t<\/div>\n\t\t","protected":false},"excerpt":{"rendered":"<p>ZIEN ENERGY HAKKINDA ZIEN Energy olarak, Elektrikli Ara\u00e7 \u015earj \u0130stasyonlar\u0131, Arazi Tipi Ve \u00c7at\u0131 \u00dcst\u00fc Anahtar Teslim G\u00fcne\u015f Enerjisi Sistemleri Kuruyoruz. 2013 y\u0131l\u0131ndan bu yana enerji denetimleri, s\u00fcrd\u00fcr\u00fclebilirlik \u00e7al\u0131\u015fmalar\u0131 ve yenilenebilir enerji konular\u0131nda deneyime sahibiyiz ve 2023 Y\u0131l\u0131ndan Bu Yana T\u00fcrkiye ve Bulgaristan\u2019da Tesla Kurulum Yetkilisiyiz. Elektrikli Ara\u00e7 \u015earj \u0130stasyonlar\u0131 ve Fotovoltaik enerji sekt\u00f6r\u00fcndeki deneyimimiz, [&hellip;]<\/p>\n","protected":false},"author":1,"featured_media":0,"parent":0,"menu_order":12,"comment_status":"closed","ping_status":"closed","template":"","meta":{"footnotes":""},"class_list":["post-17376","page","type-page","status-publish","hentry"],"yoast_head":"<!-- This site is optimized with the Yoast SEO plugin v23.9 - https:\/\/yoast.com\/wordpress\/plugins\/seo\/ -->\n<title>Hakk\u0131m\u0131zda | Tesla Wall Connector Sat\u0131\u015f\u0131, Yetkili Montaj ve Kurulum Uzman\u0131 | ZIEN Energy<\/title>\n<meta name=\"description\" content=\"ZIEN Energy, Tesla Wall Connector Sat\u0131\u015f\u0131, elektrikli ara\u00e7 \u015farj istasyonlar\u0131 alan\u0131nda yetkili ve sertifikal\u0131 montaj ve kurulum uzman\u0131d\u0131r. G\u00fcne\u015f enerjisi sistemleri uzman\u0131d\u0131r.\" \/>\n<meta name=\"robots\" content=\"index, follow, max-snippet:-1, max-image-preview:large, max-video-preview:-1\" \/>\n<link rel=\"canonical\" href=\"https:\/\/www.zienenergy.com\/tr\/about-us\/\" \/>\n<meta property=\"og:locale\" content=\"tr_TR\" \/>\n<meta property=\"og:type\" content=\"article\" \/>\n<meta property=\"og:title\" content=\"Hakk\u0131m\u0131zda | Tesla Wall Connector Sat\u0131\u015f\u0131, Yetkili Montaj ve Kurulum Uzman\u0131 | ZIEN Energy\" \/>\n<meta property=\"og:description\" content=\"ZIEN Energy, Tesla Wall Connector Sat\u0131\u015f\u0131, elektrikli ara\u00e7 \u015farj istasyonlar\u0131 alan\u0131nda yetkili ve sertifikal\u0131 montaj ve kurulum uzman\u0131d\u0131r. G\u00fcne\u015f enerjisi sistemleri uzman\u0131d\u0131r.\" \/>\n<meta property=\"og:url\" content=\"https:\/\/www.zienenergy.com\/tr\/about-us\/\" \/>\n<meta property=\"og:site_name\" content=\"Zien Energy tr\" \/>\n<meta property=\"article:publisher\" content=\"https:\/\/www.facebook.com\/profile.php?id=61581373037569\" \/>\n<meta property=\"article:modified_time\" content=\"2024-12-19T13:30:17+00:00\" \/>\n<meta property=\"og:image\" content=\"https:\/\/www.zienenergy.com\/tr\/wp-content\/uploads\/2024\/12\/Tesla-Approved-Wall-Connector-Logo-Black-1.png\" \/>\n\t<meta property=\"og:image:width\" content=\"2500\" \/>\n\t<meta property=\"og:image:height\" content=\"1513\" \/>\n\t<meta property=\"og:image:type\" content=\"image\/png\" \/>\n<meta name=\"twitter:card\" content=\"summary_large_image\" \/>\n<meta name=\"twitter:site\" content=\"@Zien_Energy\" \/>\n<meta name=\"twitter:label1\" content=\"Tahmini okuma s\u00fcresi\" \/>\n\t<meta name=\"twitter:data1\" content=\"3 dakika\" \/>\n<script type=\"application\/ld+json\" class=\"yoast-schema-graph\">{\"@context\":\"https:\/\/schema.org\",\"@graph\":[{\"@type\":\"WebPage\",\"@id\":\"https:\/\/www.zienenergy.com\/tr\/about-us\/\",\"url\":\"https:\/\/www.zienenergy.com\/tr\/about-us\/\",\"name\":\"Hakk\u0131m\u0131zda | Tesla Wall Connector Sat\u0131\u015f\u0131, Yetkili Montaj ve Kurulum Uzman\u0131 | ZIEN Energy\",\"isPartOf\":{\"@id\":\"https:\/\/www.zienenergy.com\/tr\/#website\"},\"primaryImageOfPage\":{\"@id\":\"https:\/\/www.zienenergy.com\/tr\/about-us\/#primaryimage\"},\"image\":{\"@id\":\"https:\/\/www.zienenergy.com\/tr\/about-us\/#primaryimage\"},\"thumbnailUrl\":\"https:\/\/www.zienenergy.com\/tr\/wp-content\/uploads\/2024\/12\/Tesla-Approved-Wall-Connector-Logo-Black-1.png\",\"datePublished\":\"2020-07-11T04:03:25+00:00\",\"dateModified\":\"2024-12-19T13:30:17+00:00\",\"description\":\"ZIEN Energy, Tesla Wall Connector Sat\u0131\u015f\u0131, elektrikli ara\u00e7 \u015farj istasyonlar\u0131 alan\u0131nda yetkili ve sertifikal\u0131 montaj ve kurulum uzman\u0131d\u0131r. G\u00fcne\u015f enerjisi sistemleri uzman\u0131d\u0131r.\",\"breadcrumb\":{\"@id\":\"https:\/\/www.zienenergy.com\/tr\/about-us\/#breadcrumb\"},\"inLanguage\":\"tr\",\"potentialAction\":[{\"@type\":\"ReadAction\",\"target\":[\"https:\/\/www.zienenergy.com\/tr\/about-us\/\"]}]},{\"@type\":\"ImageObject\",\"inLanguage\":\"tr\",\"@id\":\"https:\/\/www.zienenergy.com\/tr\/about-us\/#primaryimage\",\"url\":\"https:\/\/www.zienenergy.com\/tr\/wp-content\/uploads\/2024\/12\/Tesla-Approved-Wall-Connector-Logo-Black-1.png\",\"contentUrl\":\"https:\/\/www.zienenergy.com\/tr\/wp-content\/uploads\/2024\/12\/Tesla-Approved-Wall-Connector-Logo-Black-1.png\",\"width\":2500,\"height\":1513},{\"@type\":\"BreadcrumbList\",\"@id\":\"https:\/\/www.zienenergy.com\/tr\/about-us\/#breadcrumb\",\"itemListElement\":[{\"@type\":\"ListItem\",\"position\":1,\"name\":\"Home\",\"item\":\"https:\/\/www.zienenergy.com\/tr\/\"},{\"@type\":\"ListItem\",\"position\":2,\"name\":\"Hakk\u0131m\u0131zda\"}]},{\"@type\":\"WebSite\",\"@id\":\"https:\/\/www.zienenergy.com\/tr\/#website\",\"url\":\"https:\/\/www.zienenergy.com\/tr\/\",\"name\":\"Zien Energy\",\"description\":\"Zien Energy - Elektrikli Ara\u00e7 \u015earj \u0130stasyonlar\u0131 ve Enerji \u00c7\u00f6z\u00fcmleri\",\"alternateName\":\"Zien Energy T\u00fcrkiye\",\"potentialAction\":[{\"@type\":\"SearchAction\",\"target\":{\"@type\":\"EntryPoint\",\"urlTemplate\":\"https:\/\/www.zienenergy.com\/tr\/?s={search_term_string}\"},\"query-input\":{\"@type\":\"PropertyValueSpecification\",\"valueRequired\":true,\"valueName\":\"search_term_string\"}}],\"inLanguage\":\"tr\"}]}<\/script>\n<!-- \/ Yoast SEO plugin. -->","yoast_head_json":{"title":"Hakk\u0131m\u0131zda | Tesla Wall Connector Sat\u0131\u015f\u0131, Yetkili Montaj ve Kurulum Uzman\u0131 | ZIEN Energy","description":"ZIEN Energy, Tesla Wall Connector Sat\u0131\u015f\u0131, elektrikli ara\u00e7 \u015farj istasyonlar\u0131 alan\u0131nda yetkili ve sertifikal\u0131 montaj ve kurulum uzman\u0131d\u0131r. G\u00fcne\u015f enerjisi sistemleri uzman\u0131d\u0131r.","robots":{"index":"index","follow":"follow","max-snippet":"max-snippet:-1","max-image-preview":"max-image-preview:large","max-video-preview":"max-video-preview:-1"},"canonical":"https:\/\/www.zienenergy.com\/tr\/about-us\/","og_locale":"tr_TR","og_type":"article","og_title":"Hakk\u0131m\u0131zda | Tesla Wall Connector Sat\u0131\u015f\u0131, Yetkili Montaj ve Kurulum Uzman\u0131 | ZIEN Energy","og_description":"ZIEN Energy, Tesla Wall Connector Sat\u0131\u015f\u0131, elektrikli ara\u00e7 \u015farj istasyonlar\u0131 alan\u0131nda yetkili ve sertifikal\u0131 montaj ve kurulum uzman\u0131d\u0131r. G\u00fcne\u015f enerjisi sistemleri uzman\u0131d\u0131r.","og_url":"https:\/\/www.zienenergy.com\/tr\/about-us\/","og_site_name":"Zien Energy tr","article_publisher":"https:\/\/www.facebook.com\/profile.php?id=61581373037569","article_modified_time":"2024-12-19T13:30:17+00:00","og_image":[{"width":2500,"height":1513,"url":"https:\/\/www.zienenergy.com\/tr\/wp-content\/uploads\/2024\/12\/Tesla-Approved-Wall-Connector-Logo-Black-1.png","type":"image\/png"}],"twitter_card":"summary_large_image","twitter_site":"@Zien_Energy","twitter_misc":{"Tahmini okuma s\u00fcresi":"3 dakika"},"schema":{"@context":"https:\/\/schema.org","@graph":[{"@type":"WebPage","@id":"https:\/\/www.zienenergy.com\/tr\/about-us\/","url":"https:\/\/www.zienenergy.com\/tr\/about-us\/","name":"Hakk\u0131m\u0131zda | Tesla Wall Connector Sat\u0131\u015f\u0131, Yetkili Montaj ve Kurulum Uzman\u0131 | ZIEN Energy","isPartOf":{"@id":"https:\/\/www.zienenergy.com\/tr\/#website"},"primaryImageOfPage":{"@id":"https:\/\/www.zienenergy.com\/tr\/about-us\/#primaryimage"},"image":{"@id":"https:\/\/www.zienenergy.com\/tr\/about-us\/#primaryimage"},"thumbnailUrl":"https:\/\/www.zienenergy.com\/tr\/wp-content\/uploads\/2024\/12\/Tesla-Approved-Wall-Connector-Logo-Black-1.png","datePublished":"2020-07-11T04:03:25+00:00","dateModified":"2024-12-19T13:30:17+00:00","description":"ZIEN Energy, Tesla Wall Connector Sat\u0131\u015f\u0131, elektrikli ara\u00e7 \u015farj istasyonlar\u0131 alan\u0131nda yetkili ve sertifikal\u0131 montaj ve kurulum uzman\u0131d\u0131r. G\u00fcne\u015f enerjisi sistemleri uzman\u0131d\u0131r.","breadcrumb":{"@id":"https:\/\/www.zienenergy.com\/tr\/about-us\/#breadcrumb"},"inLanguage":"tr","potentialAction":[{"@type":"ReadAction","target":["https:\/\/www.zienenergy.com\/tr\/about-us\/"]}]},{"@type":"ImageObject","inLanguage":"tr","@id":"https:\/\/www.zienenergy.com\/tr\/about-us\/#primaryimage","url":"https:\/\/www.zienenergy.com\/tr\/wp-content\/uploads\/2024\/12\/Tesla-Approved-Wall-Connector-Logo-Black-1.png","contentUrl":"https:\/\/www.zienenergy.com\/tr\/wp-content\/uploads\/2024\/12\/Tesla-Approved-Wall-Connector-Logo-Black-1.png","width":2500,"height":1513},{"@type":"BreadcrumbList","@id":"https:\/\/www.zienenergy.com\/tr\/about-us\/#breadcrumb","itemListElement":[{"@type":"ListItem","position":1,"name":"Home","item":"https:\/\/www.zienenergy.com\/tr\/"},{"@type":"ListItem","position":2,"name":"Hakk\u0131m\u0131zda"}]},{"@type":"WebSite","@id":"https:\/\/www.zienenergy.com\/tr\/#website","url":"https:\/\/www.zienenergy.com\/tr\/","name":"Zien Energy","description":"Zien Energy - Elektrikli Ara\u00e7 \u015earj \u0130stasyonlar\u0131 ve Enerji \u00c7\u00f6z\u00fcmleri","alternateName":"Zien Energy T\u00fcrkiye","potentialAction":[{"@type":"SearchAction","target":{"@type":"EntryPoint","urlTemplate":"https:\/\/www.zienenergy.com\/tr\/?s={search_term_string}"},"query-input":{"@type":"PropertyValueSpecification","valueRequired":true,"valueName":"search_term_string"}}],"inLanguage":"tr"}]}},"_links":{"self":[{"href":"https:\/\/www.zienenergy.com\/tr\/wp-json\/wp\/v2\/pages\/17376","targetHints":{"allow":["GET"]}}],"collection":[{"href":"https:\/\/www.zienenergy.com\/tr\/wp-json\/wp\/v2\/pages"}],"about":[{"href":"https:\/\/www.zienenergy.com\/tr\/wp-json\/wp\/v2\/types\/page"}],"author":[{"embeddable":true,"href":"https:\/\/www.zienenergy.com\/tr\/wp-json\/wp\/v2\/users\/1"}],"replies":[{"embeddable":true,"href":"https:\/\/www.zienenergy.com\/tr\/wp-json\/wp\/v2\/comments?post=17376"}],"version-history":[{"count":39,"href":"https:\/\/www.zienenergy.com\/tr\/wp-json\/wp\/v2\/pages\/17376\/revisions"}],"predecessor-version":[{"id":20170,"href":"https:\/\/www.zienenergy.com\/tr\/wp-json\/wp\/v2\/pages\/17376\/revisions\/20170"}],"wp:attachment":[{"href":"https:\/\/www.zienenergy.com\/tr\/wp-json\/wp\/v2\/media?parent=17376"}],"curies":[{"name":"wp","href":"https:\/\/api.w.org\/{rel}","templated":true}]}}